{"id":5124,"date":"2024-05-07T11:58:44","date_gmt":"2024-05-07T09:58:44","guid":{"rendered":"https:\/\/www.ovlgc.org\/fr\/?page_id=5124"},"modified":"2024-05-07T12:15:13","modified_gmt":"2024-05-07T10:15:13","slug":"evenements-de-2023","status":"publish","type":"page","link":"https:\/\/www.ovlgc.org\/fr\/evenements-de-2024\/evenements\/evenements-de-2023\/","title":{"rendered":"\u00c9v\u00e8nements de 2023"},"content":{"rendered":"<div id=\"pl-5124\"  class=\"panel-layout\" ><div id=\"pg-5124-0\"  class=\"panel-grid panel-no-style\" ><div id=\"pgc-5124-0-0\"  class=\"panel-grid-cell panel-grid-cell-mobile-last\" ><div id=\"panel-5124-0-0-0\" class=\"so-panel widget widget_colormag_featured_posts_widget cm-featured-posts cm-featured-posts--style-1 panel-first-child panel-last-child\" data-index=\"0\" >\r\n\t\t<div class=\"cm-first-post\">\r\n\t\t\t<div class=\"cm-post\">\r\n\t\t\t\t<a href=\"https:\/\/www.ovlgc.org\/fr\/la-conference-de-philippe-portier\/\" title=\"La Conf\u00e9rence de Philippe Portier intitul\u00e9e \u00ab\u00a0aux sources de la loi du 9 d\u00e9cembre 1905\u00a0\u00bb\"><img loading=\"lazy\" decoding=\"async\" width=\"390\" height=\"205\" src=\"https:\/\/www.ovlgc.org\/fr\/wp-content\/uploads\/2023\/12\/2023-12-08-Conference-P-PORTIER-390x205.jpg\" class=\"attachment-colormag-featured-post-medium size-colormag-featured-post-medium wp-post-image\" alt=\"La Conf\u00e9rence de Philippe Portier intitul\u00e9e \u00ab\u00a0aux sources de la loi du 9 d\u00e9cembre 1905\u00a0\u00bb\" title=\"La Conf\u00e9rence de Philippe Portier intitul\u00e9e \u00ab\u00a0aux sources de la loi du 9 d\u00e9cembre 1905\u00a0\u00bb\" \/><\/a><\/figure>\r\n\t\t\t\t<div class=\"cm-post-content\">\r\n\t\t\t\t\t<div class=\"cm-entry-header-meta\"><div class=\"cm-post-categories\"><a href=\"https:\/\/www.ovlgc.org\/fr\/category\/evenements\/evenements-de-2023\/\" rel=\"category tag\">\u00c9v\u00e8nements de 2023<\/a><\/div><\/div>\t\t<h3 class=\"cm-entry-title\">\r\n\t\t\t<a href=\"https:\/\/www.ovlgc.org\/fr\/la-conference-de-philippe-portier\/\" title=\"La Conf\u00e9rence de Philippe Portier intitul\u00e9e \u00ab\u00a0aux sources de la loi du 9 d\u00e9cembre 1905\u00a0\u00bb\">\r\n\t\t\t\tLa Conf\u00e9rence de Philippe Portier intitul\u00e9e \u00ab\u00a0aux sources de la loi du 9 d\u00e9cembre 1905\u00a0\u00bb\t\t\t<\/a>\r\n\t\t<\/h3>\r\n\t\t<div class=\"cm-below-entry-meta \"><span class=\"cm-post-date\"><a href=\"https:\/\/www.ovlgc.org\/fr\/la-conference-de-philippe-portier\/\" title=\"17 h 32 min\" rel=\"bookmark\"><svg class=\"cm-icon cm-icon--calendar-fill\" xmlns=\"http:\/\/www.w3.org\/2000\/svg\" viewBox=\"0 0 24 24\"><path d=\"M21.1 6.6v1.6c0 .6-.4 1-1 1H3.9c-.6 0-1-.4-1-1V6.6c0-1.5 1.3-2.8 2.8-2.8h1.7V3c0-.6.4-1 1-1s1 .4 1 1v.8h5.2V3c0-.6.4-1 1-1s1 .4 1 1v.8h1.7c1.5 0 2.8 1.3 2.8 2.8zm-1 4.6H3.9c-.6 0-1 .4-1 1v7c0 1.5 1.3 2.8 2.8 2.8h12.6c1.5 0 2.8-1.3 2.8-2.8v-7c0-.6-.4-1-1-1z\"><\/path><\/svg> <time class=\"entry-date published updated\" datetime=\"2023-12-21T17:32:28+01:00\">21 d\u00e9cembre 2023<\/time><\/a><\/span>\r\n\t\t<span class=\"cm-author cm-vcard\">\r\n\t\t\t<svg class=\"cm-icon cm-icon--user\" xmlns=\"http:\/\/www.w3.org\/2000\/svg\" viewBox=\"0 0 24 24\"><path d=\"M7 7c0-2.8 2.2-5 5-5s5 2.2 5 5-2.2 5-5 5-5-2.2-5-5zm9 7H8c-2.8 0-5 2.2-5 5v2c0 .6.4 1 1 1h16c.6 0 1-.4 1-1v-2c0-2.8-2.2-5-5-5z\"><\/path><\/svg>\t\t\t<a class=\"url fn n\"\r\n\t\t\thref=\"https:\/\/www.ovlgc.org\/fr\/author\/lbourmaud\/\"\r\n\t\t\ttitle=\"Secr\u00e9tariat OVLGC\"\r\n\t\t\t>\r\n\t\t\t\tSecr\u00e9tariat OVLGC\t\t\t<\/a>\r\n\t\t<\/span>\r\n\r\n\t\t<\/div>\r\n\t\t\t\t\t\t\t\t\t\t\t<div class=\"cm-entry-summary\">\r\n\t\t\t\t\t\t\t<p>&nbsp; Le 8 d\u00e9cembre 2023, l&rsquo;OVLGC organisait une conf\u00e9rence au P\u00f4le Associatif de la Roche sur Yon sur \u00ab\u00a0les sources<\/p>\n\t\t\t\t\t\t<\/div>\r\n\t\t\t\t\t\t\t\t\t<\/div>\r\n\r\n\t\t\t<\/div>\r\n\r\n\t\t\t<\/div><div class=\"cm-posts\">\r\n\t\t\t<div class=\"cm-post\">\r\n\t\t\t\t<a href=\"https:\/\/www.ovlgc.org\/fr\/la-conference-de-catherine-louveau-sur-olympisme-et-laicite\/\" title=\"La Conf\u00e9rence de Catherine Louveau sur \u00ab\u00a0Olympisme et La\u00efcit\u00e9\u00a0\u00bb\"><img loading=\"lazy\" decoding=\"async\" width=\"130\" height=\"90\" src=\"https:\/\/www.ovlgc.org\/fr\/wp-content\/uploads\/2023\/12\/portrait-moi-IEC-130x90.jpg\" class=\"attachment-colormag-featured-post-small size-colormag-featured-post-small wp-post-image\" alt=\"La Conf\u00e9rence de Catherine Louveau sur \u00ab\u00a0Olympisme et La\u00efcit\u00e9\u00a0\u00bb\" title=\"La Conf\u00e9rence de Catherine Louveau sur \u00ab\u00a0Olympisme et La\u00efcit\u00e9\u00a0\u00bb\" srcset=\"https:\/\/www.ovlgc.org\/fr\/wp-content\/uploads\/2023\/12\/portrait-moi-IEC-130x90.jpg 130w, https:\/\/www.ovlgc.org\/fr\/wp-content\/uploads\/2023\/12\/portrait-moi-IEC-392x272.jpg 392w\" sizes=\"auto, (max-width: 130px) 100vw, 130px\" \/><\/a><\/figure>\r\n\t\t\t\t<div class=\"cm-post-content\">\r\n\t\t\t\t\t<div class=\"cm-entry-header-meta\"><div class=\"cm-post-categories\"><a href=\"https:\/\/www.ovlgc.org\/fr\/category\/evenements\/evenements-de-2023\/\" rel=\"category tag\">\u00c9v\u00e8nements de 2023<\/a><\/div><\/div>\t\t<h3 class=\"cm-entry-title\">\r\n\t\t\t<a href=\"https:\/\/www.ovlgc.org\/fr\/la-conference-de-catherine-louveau-sur-olympisme-et-laicite\/\" title=\"La Conf\u00e9rence de Catherine Louveau sur \u00ab\u00a0Olympisme et La\u00efcit\u00e9\u00a0\u00bb\">\r\n\t\t\t\tLa Conf\u00e9rence de Catherine Louveau sur \u00ab\u00a0Olympisme et La\u00efcit\u00e9\u00a0\u00bb\t\t\t<\/a>\r\n\t\t<\/h3>\r\n\t\t<div class=\"cm-below-entry-meta \"><span class=\"cm-post-date\"><a href=\"https:\/\/www.ovlgc.org\/fr\/la-conference-de-catherine-louveau-sur-olympisme-et-laicite\/\" title=\"16 h 57 min\" rel=\"bookmark\"><svg class=\"cm-icon cm-icon--calendar-fill\" xmlns=\"http:\/\/www.w3.org\/2000\/svg\" viewBox=\"0 0 24 24\"><path d=\"M21.1 6.6v1.6c0 .6-.4 1-1 1H3.9c-.6 0-1-.4-1-1V6.6c0-1.5 1.3-2.8 2.8-2.8h1.7V3c0-.6.4-1 1-1s1 .4 1 1v.8h5.2V3c0-.6.4-1 1-1s1 .4 1 1v.8h1.7c1.5 0 2.8 1.3 2.8 2.8zm-1 4.6H3.9c-.6 0-1 .4-1 1v7c0 1.5 1.3 2.8 2.8 2.8h12.6c1.5 0 2.8-1.3 2.8-2.8v-7c0-.6-.4-1-1-1z\"><\/path><\/svg> <time class=\"entry-date published updated\" datetime=\"2023-12-21T16:57:38+01:00\">21 d\u00e9cembre 2023<\/time><\/a><\/span>\r\n\t\t<span class=\"cm-author cm-vcard\">\r\n\t\t\t<svg class=\"cm-icon cm-icon--user\" xmlns=\"http:\/\/www.w3.org\/2000\/svg\" viewBox=\"0 0 24 24\"><path d=\"M7 7c0-2.8 2.2-5 5-5s5 2.2 5 5-2.2 5-5 5-5-2.2-5-5zm9 7H8c-2.8 0-5 2.2-5 5v2c0 .6.4 1 1 1h16c.6 0 1-.4 1-1v-2c0-2.8-2.2-5-5-5z\"><\/path><\/svg>\t\t\t<a class=\"url fn n\"\r\n\t\t\thref=\"https:\/\/www.ovlgc.org\/fr\/author\/lbourmaud\/\"\r\n\t\t\ttitle=\"Secr\u00e9tariat OVLGC\"\r\n\t\t\t>\r\n\t\t\t\tSecr\u00e9tariat OVLGC\t\t\t<\/a>\r\n\t\t<\/span>\r\n\r\n\t\t<\/div>\r\n\t\t\t\t\t\t\t\t\t<\/div>\r\n\r\n\t\t\t<\/div>\r\n\r\n\t\t\t\r\n\t\t\t<div class=\"cm-post\">\r\n\t\t\t\t<a href=\"https:\/\/www.ovlgc.org\/fr\/la-semaine-de-la-laicite-2023\/\" title=\"Les Semaines de la La\u00efcit\u00e9 2023\"><img loading=\"lazy\" decoding=\"async\" width=\"130\" height=\"90\" src=\"https:\/\/www.ovlgc.org\/fr\/wp-content\/uploads\/2023\/10\/1-900x-130x90.png\" class=\"attachment-colormag-featured-post-small size-colormag-featured-post-small wp-post-image\" alt=\"Les Semaines de la La\u00efcit\u00e9 2023\" title=\"Les Semaines de la La\u00efcit\u00e9 2023\" srcset=\"https:\/\/www.ovlgc.org\/fr\/wp-content\/uploads\/2023\/10\/1-900x-130x90.png 130w, https:\/\/www.ovlgc.org\/fr\/wp-content\/uploads\/2023\/10\/1-900x-392x272.png 392w\" sizes=\"auto, (max-width: 130px) 100vw, 130px\" \/><\/a><\/figure>\r\n\t\t\t\t<div class=\"cm-post-content\">\r\n\t\t\t\t\t<div class=\"cm-entry-header-meta\"><div class=\"cm-post-categories\"><a href=\"https:\/\/www.ovlgc.org\/fr\/category\/evenements\/evenements-de-2023\/\" rel=\"category tag\">\u00c9v\u00e8nements de 2023<\/a><\/div><\/div>\t\t<h3 class=\"cm-entry-title\">\r\n\t\t\t<a href=\"https:\/\/www.ovlgc.org\/fr\/la-semaine-de-la-laicite-2023\/\" title=\"Les Semaines de la La\u00efcit\u00e9 2023\">\r\n\t\t\t\tLes Semaines de la La\u00efcit\u00e9 2023\t\t\t<\/a>\r\n\t\t<\/h3>\r\n\t\t<div class=\"cm-below-entry-meta \"><span class=\"cm-post-date\"><a href=\"https:\/\/www.ovlgc.org\/fr\/la-semaine-de-la-laicite-2023\/\" title=\"11 h 38 min\" rel=\"bookmark\"><svg class=\"cm-icon cm-icon--calendar-fill\" xmlns=\"http:\/\/www.w3.org\/2000\/svg\" viewBox=\"0 0 24 24\"><path d=\"M21.1 6.6v1.6c0 .6-.4 1-1 1H3.9c-.6 0-1-.4-1-1V6.6c0-1.5 1.3-2.8 2.8-2.8h1.7V3c0-.6.4-1 1-1s1 .4 1 1v.8h5.2V3c0-.6.4-1 1-1s1 .4 1 1v.8h1.7c1.5 0 2.8 1.3 2.8 2.8zm-1 4.6H3.9c-.6 0-1 .4-1 1v7c0 1.5 1.3 2.8 2.8 2.8h12.6c1.5 0 2.8-1.3 2.8-2.8v-7c0-.6-.4-1-1-1z\"><\/path><\/svg> <time class=\"entry-date published updated\" datetime=\"2023-10-25T11:38:43+02:00\">25 octobre 2023<\/time><\/a><\/span>\r\n\t\t<span class=\"cm-author cm-vcard\">\r\n\t\t\t<svg class=\"cm-icon cm-icon--user\" xmlns=\"http:\/\/www.w3.org\/2000\/svg\" viewBox=\"0 0 24 24\"><path d=\"M7 7c0-2.8 2.2-5 5-5s5 2.2 5 5-2.2 5-5 5-5-2.2-5-5zm9 7H8c-2.8 0-5 2.2-5 5v2c0 .6.4 1 1 1h16c.6 0 1-.4 1-1v-2c0-2.8-2.2-5-5-5z\"><\/path><\/svg>\t\t\t<a class=\"url fn n\"\r\n\t\t\thref=\"https:\/\/www.ovlgc.org\/fr\/author\/lbourmaud\/\"\r\n\t\t\ttitle=\"Secr\u00e9tariat OVLGC\"\r\n\t\t\t>\r\n\t\t\t\tSecr\u00e9tariat OVLGC\t\t\t<\/a>\r\n\t\t<\/span>\r\n\r\n\t\t<\/div>\r\n\t\t\t\t\t\t\t\t\t<\/div>\r\n\r\n\t\t\t<\/div>\r\n\r\n\t\t\t\r\n\t\t\t<div class=\"cm-post\">\r\n\t\t\t\t<a href=\"https:\/\/www.ovlgc.org\/fr\/lassemblee-generale-de-lovlgc-a-eu-lieu-le-12-mai-2023-aux-sables-dolonne\/\" title=\"L&rsquo;Assembl\u00e9e G\u00e9n\u00e9rale de l&rsquo;OVLGC a eu lieu le 12 mai 2023 aux Sables d&rsquo;Olonne\"><img loading=\"lazy\" decoding=\"async\" width=\"130\" height=\"90\" src=\"https:\/\/www.ovlgc.org\/fr\/wp-content\/uploads\/2022\/04\/cropped-ovlgc-logo-header-130x90.jpg\" class=\"attachment-colormag-featured-post-small size-colormag-featured-post-small wp-post-image\" alt=\"L&rsquo;Assembl\u00e9e G\u00e9n\u00e9rale de l&rsquo;OVLGC a eu lieu le 12 mai 2023 aux Sables d&rsquo;Olonne\" title=\"L&rsquo;Assembl\u00e9e G\u00e9n\u00e9rale de l&rsquo;OVLGC a eu lieu le 12 mai 2023 aux Sables d&rsquo;Olonne\" \/><\/a><\/figure>\r\n\t\t\t\t<div class=\"cm-post-content\">\r\n\t\t\t\t\t<div class=\"cm-entry-header-meta\"><div class=\"cm-post-categories\"><a href=\"https:\/\/www.ovlgc.org\/fr\/category\/evenements\/evenements-de-2023\/\" rel=\"category tag\">\u00c9v\u00e8nements de 2023<\/a><\/div><\/div>\t\t<h3 class=\"cm-entry-title\">\r\n\t\t\t<a href=\"https:\/\/www.ovlgc.org\/fr\/lassemblee-generale-de-lovlgc-a-eu-lieu-le-12-mai-2023-aux-sables-dolonne\/\" title=\"L&rsquo;Assembl\u00e9e G\u00e9n\u00e9rale de l&rsquo;OVLGC a eu lieu le 12 mai 2023 aux Sables d&rsquo;Olonne\">\r\n\t\t\t\tL&rsquo;Assembl\u00e9e G\u00e9n\u00e9rale de l&rsquo;OVLGC a eu lieu le 12 mai 2023 aux Sables d&rsquo;Olonne\t\t\t<\/a>\r\n\t\t<\/h3>\r\n\t\t<div class=\"cm-below-entry-meta \"><span class=\"cm-post-date\"><a href=\"https:\/\/www.ovlgc.org\/fr\/lassemblee-generale-de-lovlgc-a-eu-lieu-le-12-mai-2023-aux-sables-dolonne\/\" title=\"11 h 36 min\" rel=\"bookmark\"><svg class=\"cm-icon cm-icon--calendar-fill\" xmlns=\"http:\/\/www.w3.org\/2000\/svg\" viewBox=\"0 0 24 24\"><path d=\"M21.1 6.6v1.6c0 .6-.4 1-1 1H3.9c-.6 0-1-.4-1-1V6.6c0-1.5 1.3-2.8 2.8-2.8h1.7V3c0-.6.4-1 1-1s1 .4 1 1v.8h5.2V3c0-.6.4-1 1-1s1 .4 1 1v.8h1.7c1.5 0 2.8 1.3 2.8 2.8zm-1 4.6H3.9c-.6 0-1 .4-1 1v7c0 1.5 1.3 2.8 2.8 2.8h12.6c1.5 0 2.8-1.3 2.8-2.8v-7c0-.6-.4-1-1-1z\"><\/path><\/svg> <time class=\"entry-date published updated\" datetime=\"2023-05-24T11:36:38+02:00\">24 mai 2023<\/time><\/a><\/span>\r\n\t\t<span class=\"cm-author cm-vcard\">\r\n\t\t\t<svg class=\"cm-icon cm-icon--user\" xmlns=\"http:\/\/www.w3.org\/2000\/svg\" viewBox=\"0 0 24 24\"><path d=\"M7 7c0-2.8 2.2-5 5-5s5 2.2 5 5-2.2 5-5 5-5-2.2-5-5zm9 7H8c-2.8 0-5 2.2-5 5v2c0 .6.4 1 1 1h16c.6 0 1-.4 1-1v-2c0-2.8-2.2-5-5-5z\"><\/path><\/svg>\t\t\t<a class=\"url fn n\"\r\n\t\t\thref=\"https:\/\/www.ovlgc.org\/fr\/author\/lbourmaud\/\"\r\n\t\t\ttitle=\"Secr\u00e9tariat OVLGC\"\r\n\t\t\t>\r\n\t\t\t\tSecr\u00e9tariat OVLGC\t\t\t<\/a>\r\n\t\t<\/span>\r\n\r\n\t\t<\/div>\r\n\t\t\t\t\t\t\t\t\t<\/div>\r\n\r\n\t\t\t<\/div>\r\n\r\n\t\t\t<\/div><\/div><\/div><div id=\"pgc-5124-0-1\"  class=\"panel-grid-cell panel-grid-cell-empty\" ><\/div><\/div><div id=\"pg-5124-1\"  class=\"panel-grid panel-has-style\" ><div class=\"siteorigin-panels-stretch panel-row-style panel-row-style-for-5124-1\" data-stretch-type=\"full\" ><div id=\"pgc-5124-1-0\"  class=\"panel-grid-cell\" ><div id=\"panel-5124-1-0-0\" class=\"so-panel widget widget_sfp_page_plugin_widget panel-first-child panel-last-child\" data-index=\"1\" ><!-- SFPlugin by topdevs.net -->\n<!-- Page Plugin Code START -->\n<div\n\tclass=\"sfp-container\"\n\tdata-sfp-embed=\"1\"\n\tdata-sfp-url=\"https:\/\/www.facebook.com\/ovlgc\"\n\tdata-sfp-width=\"500\"\n\tdata-sfp-height=\"400\"\n\tdata-sfp-hide-cover=\"false\"\n\tdata-sfp-show-facepile=\"false\"\n\tdata-sfp-small-header=\"false\"\n\tdata-sfp-tabs=\"timeline,events,messages\"\n\tdata-sfp-locale=\"fr_FR\"\n\tdata-sfp-click-to-load=\"0\"\n\tdata-sfp-lazy=\"1\"\n>\n\t<button\n\t\ttype=\"button\"\n\t\tclass=\"sfp-placeholder\"\n\t\t style=\"background: linear-gradient(135deg, #e7f3ff 0%, #f5faff 100%); color: #1877f2\"\t\taria-label=\"Click to load Facebook content\"\t>\n\t\t\t<\/button>\n\t<div class=\"sfp-embed\" aria-live=\"polite\"><\/div>\n<\/div>\n<!-- Page Plugin Code END -->\n<\/div><\/div><div id=\"pgc-5124-1-1\"  class=\"panel-grid-cell\" ><div id=\"panel-5124-1-1-0\" class=\"widget_text so-panel widget widget_custom_html panel-first-child panel-last-child\" data-index=\"2\" ><div class=\"textwidget custom-html-widget\"><a class=\"twitter-timeline\" \ndata-chrome=\"nofooter\"\nheight=\"400px\"\nhref=\"https:\/\/twitter.com\/vigielaicite\">Tweets de @VigieLa\u00efcit\u00e9<\/a> <script async src=\"https:\/\/platform.twitter.com\/widgets.js\" charset=\"utf-8\"><\/script><\/div><\/div><\/div><\/div><\/div><\/div>","protected":false},"excerpt":{"rendered":"<p>\u00c9v\u00e8nements de 2023 La Conf\u00e9rence de Philippe Portier intitul\u00e9e \u00ab\u00a0aux sources de la loi du 9 d\u00e9cembre 1905\u00a0\u00bb 21 d\u00e9cembre<\/p>\n","protected":false},"author":1,"featured_media":0,"parent":248,"menu_order":0,"comment_status":"closed","ping_status":"closed","template":"","meta":{"footnotes":""},"class_list":["post-5124","page","type-page","status-publish","hentry"],"_links":{"self":[{"href":"https:\/\/www.ovlgc.org\/fr\/wp-json\/wp\/v2\/pages\/5124","targetHints":{"allow":["GET"]}}],"collection":[{"href":"https:\/\/www.ovlgc.org\/fr\/wp-json\/wp\/v2\/pages"}],"about":[{"href":"https:\/\/www.ovlgc.org\/fr\/wp-json\/wp\/v2\/types\/page"}],"author":[{"embeddable":true,"href":"https:\/\/www.ovlgc.org\/fr\/wp-json\/wp\/v2\/users\/1"}],"replies":[{"embeddable":true,"href":"https:\/\/www.ovlgc.org\/fr\/wp-json\/wp\/v2\/comments?post=5124"}],"version-history":[{"count":5,"href":"https:\/\/www.ovlgc.org\/fr\/wp-json\/wp\/v2\/pages\/5124\/revisions"}],"predecessor-version":[{"id":5138,"href":"https:\/\/www.ovlgc.org\/fr\/wp-json\/wp\/v2\/pages\/5124\/revisions\/5138"}],"up":[{"embeddable":true,"href":"https:\/\/www.ovlgc.org\/fr\/wp-json\/wp\/v2\/pages\/248"}],"wp:attachment":[{"href":"https:\/\/www.ovlgc.org\/fr\/wp-json\/wp\/v2\/media?parent=5124"}],"curies":[{"name":"wp","href":"https:\/\/api.w.org\/{rel}","templated":true}]}}