{"id":4871,"date":"2023-09-20T12:21:32","date_gmt":"2023-09-20T10:21:32","guid":{"rendered":"https:\/\/www.ovlgc.org\/fr\/?page_id=4871"},"modified":"2023-12-16T10:57:54","modified_gmt":"2023-12-16T09:57:54","slug":"formations","status":"publish","type":"page","link":"https:\/\/www.ovlgc.org\/fr\/formations\/","title":{"rendered":"FORMATIONS"},"content":{"rendered":"<div id=\"pl-4871\"  class=\"panel-layout\" ><div id=\"pg-4871-0\"  class=\"panel-grid panel-no-style\" ><div id=\"pgc-4871-0-0\"  class=\"panel-grid-cell\" ><div id=\"panel-4871-0-0-0\" class=\"so-panel widget widget_text panel-first-child panel-last-child\" data-index=\"0\" >\t\t\t<div class=\"textwidget\"><p><a href=\"https:\/\/www.ovlgc.org\/agora\/index.php?ctrl=calendar\" target=\"_blank\" rel=\"noopener\">Voir le calendrier d\u00e9partemental propos\u00e9 par les formateurs VRL 85<\/a><\/p>\n<\/div>\n\t\t<\/div><\/div><div id=\"pgc-4871-0-1\"  class=\"panel-grid-cell\" ><div id=\"panel-4871-0-1-0\" class=\"so-panel widget widget_wpia_widget panel-first-child\" data-index=\"1\" ><div class=\"wpia-widget\"><style>.wpia-calendar-1 .status-available {background-color: #DDFFCC ;}.wpia-calendar-1 .wpia-day-split-top-available {display:none ;} .wpia-calendar-1 .wpia-day-split-bottom-available {display:none ;} .wpia-calendar-1 .status-booked {background-color: #FFC0BD ;}.wpia-calendar-1 .wpia-day-split-top-booked {display:none ;} .wpia-calendar-1 .wpia-day-split-bottom-booked {display:none ;} .wpia-calendar-1 .status-grey {background-color: #ececec;}.wpia-calendar-1 .wpia-day-split-top-grey {display:none ;} .wpia-calendar-1 .wpia-day-split-bottom-grey {display:none ;} .wpia-calendar-1 .wpia-day-split-top-changeover-end {border-color: #FFC0BD transparent transparent transparent ; _border-color: #FFC0BD #000000 #000000 #000000 ;}.wpia-calendar-1 .wpia-day-split-bottom-changeover-end {border-color: transparent transparent #DDFFCC transparent ; _border-color:  #000000 #000000 #DDFFCC #000000 ;}.wpia-calendar-1 .wpia-day-split-top-changeover-start {border-color: #DDFFCC transparent transparent transparent ; _border-color: #DDFFCC #000000 #000000 #000000 ;}.wpia-calendar-1 .wpia-day-split-bottom-changeover-start {border-color: transparent transparent #FFC0BD transparent ; _border-color:  #000000 #000000 #FFC0BD #000000 ;}<\/style><h2>Formation VRL<\/h2><div class=\"wpia-container wpia-calendar-1\"><div class=\"wpia-calendars\"><div class=\"wpia-responsive-calendars\"><div class=\"wpia-calendar\"><div class=\"wpia-heading\"><a href=\"#\" class=\"wpia-prev\" title=\"Previous Month\"><\/a><div class=\"wpia-select-container\"><select class=\"wpia-dropdown\"><option value=\"1778803200\">Mai 2026<\/option><option value=\"1781481600\">Juin 2026<\/option><option value=\"1784073600\">Juillet 2026<\/option><option value=\"1786752000\">Ao\u00fbt 2026<\/option><option value=\"1789430400\">Septembre 2026<\/option><option value=\"1792022400\">Octobre 2026<\/option><option value=\"1794700800\">Novembre 2026<\/option><option value=\"1797292800\">D\u00e9cembre 2026<\/option><option value=\"1799971200\">Janvier 2027<\/option><option value=\"1802649600\">F\u00e9vrier 2027<\/option><option value=\"1805068800\">Mars 2027<\/option><option value=\"1807747200\">Avril 2027<\/option><\/select><\/div><a href=\"#\" class=\"wpia-next\" title=\"Next Month\"><\/a><\/div><ul class=\"wpia-weekdays\"><li>L<\/li><li>M<\/li><li>M<\/li><li>J<\/li><li>V<\/li><li>S<\/li><li>D<\/li><\/ul><ul><li class=\"wpia-pad\"><!-- --><\/li><li class=\"wpia-pad\"><!-- --><\/li><li class=\"wpia-pad\"><!-- --><\/li><li class=\"wpia-pad\"><!-- --><\/li><li class=\"wpia-day wpia-day-1 status-available \"><span class=\"wpia-day-split-top wpia-day-split-top-available\"><\/span><span class=\"wpia-day-split-bottom wpia-day-split-bottom-available\"><\/span><span class=\"wpia-day-split-day\">1<\/span><\/li><li class=\"wpia-day wpia-day-2 status-available \"><span class=\"wpia-day-split-top wpia-day-split-top-available\"><\/span><span class=\"wpia-day-split-bottom wpia-day-split-bottom-available\"><\/span><span class=\"wpia-day-split-day\">2<\/span><\/li><li class=\"wpia-day wpia-day-3 status-available \"><span class=\"wpia-day-split-top wpia-day-split-top-available\"><\/span><span class=\"wpia-day-split-bottom wpia-day-split-bottom-available\"><\/span><span class=\"wpia-day-split-day\">3<\/span><\/li><\/ul><ul><li class=\"wpia-day wpia-day-4 status-available \"><span class=\"wpia-day-split-top wpia-day-split-top-available\"><\/span><span class=\"wpia-day-split-bottom wpia-day-split-bottom-available\"><\/span><span class=\"wpia-day-split-day\">4<\/span><\/li><li class=\"wpia-day wpia-day-5 status-available \"><span class=\"wpia-day-split-top wpia-day-split-top-available\"><\/span><span class=\"wpia-day-split-bottom wpia-day-split-bottom-available\"><\/span><span class=\"wpia-day-split-day\">5<\/span><\/li><li class=\"wpia-day wpia-day-6 status-changeover-start \"><span class=\"wpia-day-split-top wpia-day-split-top-changeover-start\"><\/span><span class=\"wpia-day-split-bottom wpia-day-split-bottom-changeover-start\"><\/span><span class=\"wpia-day-split-day\">6<\/span><\/li><li class=\"wpia-day wpia-day-7 status-changeover-end \"><span class=\"wpia-day-split-top wpia-day-split-top-changeover-end\"><\/span><span class=\"wpia-day-split-bottom wpia-day-split-bottom-changeover-end\"><\/span><span class=\"wpia-day-split-day\">7<\/span><\/li><li class=\"wpia-day wpia-day-8 status-available \"><span class=\"wpia-day-split-top wpia-day-split-top-available\"><\/span><span class=\"wpia-day-split-bottom wpia-day-split-bottom-available\"><\/span><span class=\"wpia-day-split-day\">8<\/span><\/li><li class=\"wpia-day wpia-day-9 status-available \"><span class=\"wpia-day-split-top wpia-day-split-top-available\"><\/span><span class=\"wpia-day-split-bottom wpia-day-split-bottom-available\"><\/span><span class=\"wpia-day-split-day\">9<\/span><\/li><li class=\"wpia-day wpia-day-10 status-available \"><span class=\"wpia-day-split-top wpia-day-split-top-available\"><\/span><span class=\"wpia-day-split-bottom wpia-day-split-bottom-available\"><\/span><span class=\"wpia-day-split-day\">10<\/span><\/li><\/ul><ul><li class=\"wpia-day wpia-day-11 status-changeover-start \"><span class=\"wpia-day-split-top wpia-day-split-top-changeover-start\"><\/span><span class=\"wpia-day-split-bottom wpia-day-split-bottom-changeover-start\"><\/span><span class=\"wpia-day-split-day\">11<\/span><\/li><li class=\"wpia-day wpia-day-12 status-changeover-end \"><span class=\"wpia-day-split-top wpia-day-split-top-changeover-end\"><\/span><span class=\"wpia-day-split-bottom wpia-day-split-bottom-changeover-end\"><\/span><span class=\"wpia-day-split-day\">12<\/span><\/li><li class=\"wpia-day wpia-day-13 status-available \"><span class=\"wpia-day-split-top wpia-day-split-top-available\"><\/span><span class=\"wpia-day-split-bottom wpia-day-split-bottom-available\"><\/span><span class=\"wpia-day-split-day\">13<\/span><\/li><li class=\"wpia-day wpia-day-14 status-available \"><span class=\"wpia-day-split-top wpia-day-split-top-available\"><\/span><span class=\"wpia-day-split-bottom wpia-day-split-bottom-available\"><\/span><span class=\"wpia-day-split-day\">14<\/span><\/li><li class=\"wpia-day wpia-day-15 status-available \"><span class=\"wpia-day-split-top wpia-day-split-top-available\"><\/span><span class=\"wpia-day-split-bottom wpia-day-split-bottom-available\"><\/span><span class=\"wpia-day-split-day\">15<\/span><\/li><li class=\"wpia-day wpia-day-16 status-available \"><span class=\"wpia-day-split-top wpia-day-split-top-available\"><\/span><span class=\"wpia-day-split-bottom wpia-day-split-bottom-available\"><\/span><span class=\"wpia-day-split-day\">16<\/span><\/li><li class=\"wpia-day wpia-day-17 status-available \"><span class=\"wpia-day-split-top wpia-day-split-top-available\"><\/span><span class=\"wpia-day-split-bottom wpia-day-split-bottom-available\"><\/span><span class=\"wpia-day-split-day\">17<\/span><\/li><\/ul><ul><li class=\"wpia-day wpia-day-18 status-changeover-start \"><span class=\"wpia-day-split-top wpia-day-split-top-changeover-start\"><\/span><span class=\"wpia-day-split-bottom wpia-day-split-bottom-changeover-start\"><\/span><span class=\"wpia-day-split-day\">18<\/span><\/li><li class=\"wpia-day wpia-day-19 status-changeover-end \"><span class=\"wpia-day-split-top wpia-day-split-top-changeover-end\"><\/span><span class=\"wpia-day-split-bottom wpia-day-split-bottom-changeover-end\"><\/span><span class=\"wpia-day-split-day\">19<\/span><\/li><li class=\"wpia-day wpia-day-20 status-available \"><span class=\"wpia-day-split-top wpia-day-split-top-available\"><\/span><span class=\"wpia-day-split-bottom wpia-day-split-bottom-available\"><\/span><span class=\"wpia-day-split-day\">20<\/span><\/li><li class=\"wpia-day wpia-day-21 status-available \"><span class=\"wpia-day-split-top wpia-day-split-top-available\"><\/span><span class=\"wpia-day-split-bottom wpia-day-split-bottom-available\"><\/span><span class=\"wpia-day-split-day\">21<\/span><\/li><li class=\"wpia-day wpia-day-22 status-available \"><span class=\"wpia-day-split-top wpia-day-split-top-available\"><\/span><span class=\"wpia-day-split-bottom wpia-day-split-bottom-available\"><\/span><span class=\"wpia-day-split-day\">22<\/span><\/li><li class=\"wpia-day wpia-day-23 status-available \"><span class=\"wpia-day-split-top wpia-day-split-top-available\"><\/span><span class=\"wpia-day-split-bottom wpia-day-split-bottom-available\"><\/span><span class=\"wpia-day-split-day\">23<\/span><\/li><li class=\"wpia-day wpia-day-24 status-available \"><span class=\"wpia-day-split-top wpia-day-split-top-available\"><\/span><span class=\"wpia-day-split-bottom wpia-day-split-bottom-available\"><\/span><span class=\"wpia-day-split-day\">24<\/span><\/li><\/ul><ul><li class=\"wpia-day wpia-day-25 status-available \"><span class=\"wpia-day-split-top wpia-day-split-top-available\"><\/span><span class=\"wpia-day-split-bottom wpia-day-split-bottom-available\"><\/span><span class=\"wpia-day-split-day\">25<\/span><\/li><li class=\"wpia-day wpia-day-26 status-available \"><span class=\"wpia-day-split-top wpia-day-split-top-available\"><\/span><span class=\"wpia-day-split-bottom wpia-day-split-bottom-available\"><\/span><span class=\"wpia-day-split-day\">26<\/span><\/li><li class=\"wpia-day wpia-day-27 status-available \"><span class=\"wpia-day-split-top wpia-day-split-top-available\"><\/span><span class=\"wpia-day-split-bottom wpia-day-split-bottom-available\"><\/span><span class=\"wpia-day-split-day\">27<\/span><\/li><li class=\"wpia-day wpia-day-28 status-available \"><span class=\"wpia-day-split-top wpia-day-split-top-available\"><\/span><span class=\"wpia-day-split-bottom wpia-day-split-bottom-available\"><\/span><span class=\"wpia-day-split-day\">28<\/span><\/li><li class=\"wpia-day wpia-day-29 status-available \"><span class=\"wpia-day-split-top wpia-day-split-top-available\"><\/span><span class=\"wpia-day-split-bottom wpia-day-split-bottom-available\"><\/span><span class=\"wpia-day-split-day\">29<\/span><\/li><li class=\"wpia-day wpia-day-30 status-available \"><span class=\"wpia-day-split-top wpia-day-split-top-available\"><\/span><span class=\"wpia-day-split-bottom wpia-day-split-bottom-available\"><\/span><span class=\"wpia-day-split-day\">30<\/span><\/li><li class=\"wpia-day wpia-day-31 status-available \"><span class=\"wpia-day-split-top wpia-day-split-top-available\"><\/span><span class=\"wpia-day-split-bottom wpia-day-split-bottom-available\"><\/span><span class=\"wpia-day-split-day\">31<\/span><\/li><\/ul><div class=\"wpia-loading\"><img decoding=\"async\" alt=\"Loading\" src=\"https:\/\/www.ovlgc.org\/fr\/wp-content\/plugins\/wp-ical-availability\/images\/ajax-loader.gif\" \/><\/div><\/div><\/div><div class='wpia-clear'><\/div><div class=\"wpia-calendar-options\"><div class=\"wpia-show-legend\" data-show-legend=\"\"><\/div><div class=\"wpia-current-timestamp\" data-current-timestamp=\"1778803200\"><\/div><div class='wpia-calendar-data' data-calendar-data='{\"2022\":{\"3\":{\"8\":\"changeover-start\",\"9\":\"changeover-end\"},\"6\":{\"20\":\"changeover-start\",\"21\":\"changeover-end\"},\"10\":{\"13\":\"changeover-start\",\"14\":\"changeover-end\"},\"11\":{\"28\":\"changeover-start\",\"29\":\"booked\",\"30\":\"changeover-end\"},\"12\":{\"6\":\"changeover-start\",\"7\":\"changeover-end\"}},\"2023\":{\"1\":{\"4\":\"changeover-start\",\"5\":\"booked\",\"6\":\"booked\",\"27\":\"changeover-start\",\"7\":\"changeover-end\",\"28\":\"changeover-end\"},\"2\":{\"9\":\"changeover-start\",\"10\":\"booked\",\"11\":\"changeover-end\"},\"3\":{\"20\":\"changeover-start\",\"21\":\"booked\",\"22\":\"changeover-end\"},\"4\":{\"6\":\"changeover-start\",\"7\":\"booked\",\"8\":\"changeover-end\"},\"5\":{\"11\":\"changeover-start\",\"12\":\"booked\",\"13\":\"changeover-end\"},\"6\":{\"13\":\"changeover-start\",\"26\":\"changeover-start\",\"27\":\"booked\",\"29\":\"booked\",\"30\":\"booked\",\"14\":\"changeover-end\",\"28\":\"changeover-end\"},\"9\":{\"14\":\"changeover-start\",\"18\":\"changeover-start\",\"19\":\"booked\",\"25\":\"changeover-start\",\"15\":\"changeover-end\",\"20\":\"changeover-end\",\"26\":\"changeover-end\"},\"10\":{\"23\":\"changeover-start\",\"24\":\"booked\",\"25\":\"changeover-end\"},\"11\":{\"7\":\"changeover-start\",\"8\":\"booked\",\"13\":\"changeover-start\",\"14\":\"booked\",\"15\":\"booked\",\"16\":\"booked\",\"17\":\"booked\",\"21\":\"changeover-start\",\"23\":\"booked\",\"24\":\"booked\",\"27\":\"changeover-start\",\"28\":\"booked\",\"9\":\"changeover-end\",\"18\":\"changeover-end\",\"22\":\"changeover-end\",\"25\":\"changeover-end\",\"29\":\"changeover-end\"},\"12\":{\"11\":\"changeover-start\",\"12\":\"booked\",\"13\":\"changeover-end\"},\"7\":{\"1\":\"changeover-end\"}},\"2024\":{\"1\":{\"15\":\"changeover-start\",\"16\":\"booked\",\"18\":\"booked\",\"19\":\"booked\",\"26\":\"changeover-start\",\"17\":\"changeover-end\",\"20\":\"changeover-end\",\"27\":\"changeover-end\"},\"2\":{\"15\":\"changeover-start\",\"16\":\"booked\",\"19\":\"changeover-start\",\"20\":\"booked\",\"17\":\"changeover-end\",\"21\":\"changeover-end\"},\"3\":{\"18\":\"changeover-start\",\"19\":\"booked\",\"27\":\"changeover-start\",\"28\":\"booked\",\"29\":\"booked\",\"20\":\"changeover-end\",\"30\":\"changeover-end\"},\"4\":{\"18\":\"changeover-start\",\"19\":\"booked\",\"20\":\"changeover-end\"},\"5\":{\"9\":\"changeover-start\",\"10\":\"booked\",\"13\":\"changeover-start\",\"14\":\"booked\",\"30\":\"changeover-start\",\"31\":\"booked\",\"11\":\"changeover-end\",\"15\":\"changeover-end\"},\"6\":{\"6\":\"changeover-start\",\"7\":\"booked\",\"24\":\"changeover-start\",\"25\":\"booked\",\"1\":\"changeover-end\",\"8\":\"changeover-end\",\"26\":\"changeover-end\"},\"8\":{\"26\":\"changeover-start\",\"27\":\"booked\",\"28\":\"changeover-end\"},\"9\":{\"23\":\"changeover-start\",\"26\":\"changeover-start\",\"27\":\"booked\",\"24\":\"changeover-end\",\"28\":\"changeover-end\"},\"10\":{\"10\":\"changeover-start\",\"11\":\"booked\",\"14\":\"changeover-start\",\"15\":\"booked\",\"17\":\"booked\",\"18\":\"booked\",\"12\":\"changeover-end\",\"16\":\"changeover-end\",\"19\":\"changeover-end\"},\"11\":{\"14\":\"changeover-start\",\"15\":\"booked\",\"21\":\"changeover-start\",\"22\":\"booked\",\"28\":\"changeover-start\",\"29\":\"booked\",\"16\":\"changeover-end\",\"23\":\"changeover-end\",\"30\":\"changeover-end\"},\"12\":{\"4\":\"changeover-start\",\"9\":\"changeover-start\",\"10\":\"booked\",\"11\":\"booked\",\"5\":\"changeover-end\",\"12\":\"changeover-end\"}},\"2025\":{\"1\":{\"27\":\"changeover-start\",\"28\":\"changeover-end\"},\"2\":{\"4\":\"changeover-start\",\"5\":\"booked\",\"6\":\"changeover-end\"},\"3\":{\"3\":\"changeover-start\",\"6\":\"changeover-start\",\"7\":\"booked\",\"10\":\"changeover-start\",\"11\":\"booked\",\"20\":\"changeover-start\",\"21\":\"booked\",\"27\":\"changeover-start\",\"28\":\"booked\",\"4\":\"changeover-end\",\"8\":\"changeover-end\",\"12\":\"changeover-end\",\"22\":\"changeover-end\",\"29\":\"changeover-end\"},\"4\":{\"3\":\"changeover-start\",\"4\":\"booked\",\"9\":\"changeover-start\",\"10\":\"booked\",\"24\":\"changeover-start\",\"28\":\"changeover-start\",\"29\":\"booked\",\"5\":\"changeover-end\",\"11\":\"changeover-end\",\"25\":\"changeover-end\",\"30\":\"changeover-end\"},\"5\":{\"12\":\"changeover-start\",\"13\":\"booked\",\"14\":\"booked\",\"19\":\"changeover-start\",\"20\":\"booked\",\"15\":\"changeover-end\",\"21\":\"changeover-end\"},\"6\":{\"5\":\"changeover-start\",\"6\":\"booked\",\"10\":\"changeover-start\",\"11\":\"booked\",\"30\":\"changeover-start\",\"7\":\"changeover-end\",\"12\":\"changeover-end\"},\"7\":{\"1\":\"booked\",\"2\":\"changeover-end\"},\"8\":{\"27\":\"changeover-start\",\"28\":\"booked\",\"29\":\"changeover-end\"},\"9\":{\"22\":\"changeover-start\",\"23\":\"booked\",\"24\":\"changeover-end\"},\"10\":{\"16\":\"changeover-start\",\"17\":\"booked\",\"20\":\"changeover-start\",\"21\":\"booked\",\"18\":\"changeover-end\",\"22\":\"changeover-end\"},\"11\":{\"4\":\"changeover-start\",\"5\":\"booked\",\"13\":\"changeover-start\",\"14\":\"booked\",\"17\":\"changeover-start\",\"18\":\"booked\",\"24\":\"changeover-start\",\"25\":\"booked\",\"6\":\"changeover-end\",\"15\":\"changeover-end\",\"19\":\"changeover-end\",\"26\":\"changeover-end\"},\"12\":{\"9\":\"changeover-start\",\"10\":\"changeover-end\"}},\"2026\":{\"1\":{\"22\":\"changeover-start\",\"23\":\"booked\",\"24\":\"changeover-end\"},\"2\":{\"9\":\"changeover-start\",\"10\":\"booked\",\"12\":\"booked\",\"13\":\"booked\",\"11\":\"changeover-end\",\"14\":\"changeover-end\"},\"3\":{\"3\":\"changeover-start\",\"5\":\"booked\",\"11\":\"changeover-start\",\"12\":\"booked\",\"18\":\"changeover-start\",\"4\":\"changeover-end\",\"6\":\"changeover-end\",\"13\":\"changeover-end\",\"19\":\"changeover-end\"},\"4\":{\"8\":\"changeover-start\",\"9\":\"booked\",\"29\":\"changeover-start\",\"10\":\"changeover-end\",\"30\":\"changeover-end\"},\"5\":{\"6\":\"changeover-start\",\"11\":\"changeover-start\",\"18\":\"changeover-start\",\"7\":\"changeover-end\",\"12\":\"changeover-end\",\"19\":\"changeover-end\"},\"6\":{\"11\":\"changeover-start\",\"12\":\"booked\",\"15\":\"changeover-start\",\"16\":\"booked\",\"19\":\"changeover-start\",\"23\":\"changeover-start\",\"24\":\"booked\",\"13\":\"changeover-end\",\"17\":\"changeover-end\",\"20\":\"changeover-end\",\"25\":\"changeover-end\"},\"8\":{\"26\":\"changeover-start\",\"27\":\"booked\",\"28\":\"changeover-end\"},\"9\":{\"29\":\"changeover-start\",\"30\":\"changeover-end\"},\"10\":{\"6\":\"changeover-start\",\"7\":\"changeover-end\"},\"11\":{\"5\":\"changeover-start\",\"6\":\"booked\",\"7\":\"changeover-end\"}}}'><\/div><div class='wpia-calendar-legend' data-calendar-legend=''><\/div><div class=\"wpia-calendar-language\" data-calendar-language=\"fr\"><\/div><div class=\"wpia-calendar-ID\" data-calendar-ID=\"1\"><\/div><\/div><\/div><\/div><div class=\"wpia-clear\"><\/div><\/div><\/div><div id=\"panel-4871-0-1-1\" class=\"so-panel widget widget_text panel-last-child\" data-index=\"2\" >\t\t\t<div class=\"textwidget\"><p><a href=\"https:\/\/www.ovlgc.org\/fr\/actualites\/calendrier-des-formations-valeurs-de-la-republique-et-laicite-en-vendee\/\">Voir d\u00e9tail des formations VRL<\/a><\/p>\n<\/div>\n\t\t<\/div><\/div><\/div><div id=\"pg-4871-1\"  class=\"panel-grid panel-has-style\" ><div class=\"siteorigin-panels-stretch panel-row-style panel-row-style-for-4871-1\" data-stretch-type=\"full\" ><div id=\"pgc-4871-1-0\"  class=\"panel-grid-cell\" ><div id=\"panel-4871-1-0-0\" class=\"so-panel widget widget_sfp_page_plugin_widget panel-first-child panel-last-child\" data-index=\"3\" ><!-- SFPlugin by topdevs.net -->\n<!-- Page Plugin Code START -->\n<div class=\"sfp-container\" data-sfp-embed=\"1\" data-sfp-url=\"https:\/\/www.facebook.com\/ovlgc\" data-sfp-width=\"500\" data-sfp-height=\"400\" data-sfp-hide-cover=\"false\" data-sfp-show-facepile=\"false\" data-sfp-small-header=\"false\" data-sfp-tabs=\"timeline,events,messages\" data-sfp-locale=\"fr_FR\" data-sfp-click-to-load=\"0\" data-sfp-lazy=\"1\">\n\t<button\n\t\ttype=\"button\"\n\t\tclass=\"sfp-placeholder\"\n\t\t style=\"background: linear-gradient(135deg, #e7f3ff 0%, #f5faff 100%); color: #1877f2\"\t\taria-label=\"Click to load Facebook content\"\t>\n\t\t\t<\/button>\n\t<div class=\"sfp-embed\" aria-live=\"polite\"><\/div>\n<\/div>\n<!-- Page Plugin Code END -->\n<\/div><\/div><div id=\"pgc-4871-1-1\"  class=\"panel-grid-cell\" ><div id=\"panel-4871-1-1-0\" class=\"widget_text so-panel widget widget_custom_html panel-first-child panel-last-child\" data-index=\"4\" ><div class=\"textwidget custom-html-widget\"><a class=\"twitter-timeline\" \ndata-chrome=\"nofooter\"\nheight=\"400px\"\nhref=\"https:\/\/twitter.com\/vigielaicite\">Tweets de @VigieLa\u00efcit\u00e9<\/a> <script async src=\"https:\/\/platform.twitter.com\/widgets.js\" charset=\"utf-8\"><\/script><\/div><\/div><\/div><\/div><\/div><\/div>","protected":false},"excerpt":{"rendered":"<p>Voir le calendrier d\u00e9partemental propos\u00e9 par les formateurs VRL 85 Voir d\u00e9tail des formations VRL<\/p>\n","protected":false},"author":1,"featured_media":0,"parent":0,"menu_order":0,"comment_status":"closed","ping_status":"closed","template":"","meta":{"footnotes":""},"class_list":["post-4871","page","type-page","status-publish","hentry"],"_links":{"self":[{"href":"https:\/\/www.ovlgc.org\/fr\/wp-json\/wp\/v2\/pages\/4871","targetHints":{"allow":["GET"]}}],"collection":[{"href":"https:\/\/www.ovlgc.org\/fr\/wp-json\/wp\/v2\/pages"}],"about":[{"href":"https:\/\/www.ovlgc.org\/fr\/wp-json\/wp\/v2\/types\/page"}],"author":[{"embeddable":true,"href":"https:\/\/www.ovlgc.org\/fr\/wp-json\/wp\/v2\/users\/1"}],"replies":[{"embeddable":true,"href":"https:\/\/www.ovlgc.org\/fr\/wp-json\/wp\/v2\/comments?post=4871"}],"version-history":[{"count":9,"href":"https:\/\/www.ovlgc.org\/fr\/wp-json\/wp\/v2\/pages\/4871\/revisions"}],"predecessor-version":[{"id":5009,"href":"https:\/\/www.ovlgc.org\/fr\/wp-json\/wp\/v2\/pages\/4871\/revisions\/5009"}],"wp:attachment":[{"href":"https:\/\/www.ovlgc.org\/fr\/wp-json\/wp\/v2\/media?parent=4871"}],"curies":[{"name":"wp","href":"https:\/\/api.w.org\/{rel}","templated":true}]}}