{"id":4617,"date":"2023-06-01T07:59:18","date_gmt":"2023-06-01T05:59:18","guid":{"rendered":"https:\/\/www.ovlgc.org\/fr\/?page_id=4617"},"modified":"2025-03-08T11:48:28","modified_gmt":"2025-03-08T10:48:28","slug":"calendrier-des-formations-valeurs-de-la-republique-et-laicite-en-vendee","status":"publish","type":"page","link":"https:\/\/www.ovlgc.org\/fr\/formations\/calendrier-des-formations-valeurs-de-la-republique-et-laicite-en-vendee\/","title":{"rendered":"Valeurs de la R\u00e9publique et La\u00efcit\u00e9 en Vend\u00e9e"},"content":{"rendered":"<div id=\"pl-4617\"  class=\"panel-layout\" ><div id=\"pg-4617-0\"  class=\"panel-grid panel-no-style\" ><div id=\"pgc-4617-0-0\"  class=\"panel-grid-cell\" ><div id=\"panel-4617-0-0-0\" class=\"so-panel widget widget_sow-slider panel-first-child panel-last-child\" data-index=\"0\" ><div\n\t\t\t\n\t\t\tclass=\"so-widget-sow-slider so-widget-sow-slider-default-956214b6eafd-4617\"\n\t\t\t\n\t\t>\t\t\t\t<div class=\"sow-slider-base\" style=\"display: none\" tabindex=\"0\">\n\t\t\t\t\t<ul\n\t\t\t\t\tclass=\"sow-slider-images\"\n\t\t\t\t\tdata-settings=\"{&quot;pagination&quot;:true,&quot;speed&quot;:800,&quot;timeout&quot;:800,&quot;paused&quot;:false,&quot;pause_on_hover&quot;:false,&quot;swipe&quot;:true,&quot;nav_always_show_desktop&quot;:&quot;&quot;,&quot;nav_always_show_mobile&quot;:&quot;&quot;,&quot;breakpoint&quot;:&quot;780px&quot;,&quot;unmute&quot;:false,&quot;anchor&quot;:null}\"\n\t\t\t\t\t\t\t\t\t\tdata-anchor-id=\"\"\n\t\t\t\t>\t\t<li class=\"sow-slider-image\" style=\"visibility: visible;\" >\n\t\t\t\t\t\t<img loading=\"lazy\" decoding=\"async\" width=\"3780\" height=\"1512\" src=\"https:\/\/www.ovlgc.org\/fr\/wp-content\/uploads\/2023\/10\/Bandeau.png\" class=\"sow-slider-background-image\" alt=\"\" style=\"height: 300px; width: auto; margin: 0 auto;\" srcset=\"https:\/\/www.ovlgc.org\/fr\/wp-content\/uploads\/2023\/10\/Bandeau.png 3780w, https:\/\/www.ovlgc.org\/fr\/wp-content\/uploads\/2023\/10\/Bandeau-300x120.png 300w, https:\/\/www.ovlgc.org\/fr\/wp-content\/uploads\/2023\/10\/Bandeau-1024x410.png 1024w, https:\/\/www.ovlgc.org\/fr\/wp-content\/uploads\/2023\/10\/Bandeau-150x60.png 150w, https:\/\/www.ovlgc.org\/fr\/wp-content\/uploads\/2023\/10\/Bandeau-768x307.png 768w, https:\/\/www.ovlgc.org\/fr\/wp-content\/uploads\/2023\/10\/Bandeau-1536x614.png 1536w, https:\/\/www.ovlgc.org\/fr\/wp-content\/uploads\/2023\/10\/Bandeau-2048x819.png 2048w\" sizes=\"auto, (max-width: 3780px) 100vw, 3780px\" \/>\t\t<\/li>\n\t\t\t\t<li class=\"sow-slider-image\" style=\"visibility: hidden;\" >\n\t\t\t\t\t\t<img loading=\"lazy\" decoding=\"async\" width=\"1246\" height=\"788\" src=\"https:\/\/www.ovlgc.org\/fr\/wp-content\/uploads\/2023\/10\/Niveau1-1VRL.jpg\" class=\"sow-slider-background-image\" alt=\"\" style=\"height: 300px; width: auto; margin: 0 auto;\" srcset=\"https:\/\/www.ovlgc.org\/fr\/wp-content\/uploads\/2023\/10\/Niveau1-1VRL.jpg 1246w, https:\/\/www.ovlgc.org\/fr\/wp-content\/uploads\/2023\/10\/Niveau1-1VRL-300x190.jpg 300w, https:\/\/www.ovlgc.org\/fr\/wp-content\/uploads\/2023\/10\/Niveau1-1VRL-1024x648.jpg 1024w, https:\/\/www.ovlgc.org\/fr\/wp-content\/uploads\/2023\/10\/Niveau1-1VRL-150x95.jpg 150w, https:\/\/www.ovlgc.org\/fr\/wp-content\/uploads\/2023\/10\/Niveau1-1VRL-768x486.jpg 768w\" sizes=\"auto, (max-width: 1246px) 100vw, 1246px\" \/>\t\t<\/li>\n\t\t\t\t<li class=\"sow-slider-image\" style=\"visibility: hidden;\" >\n\t\t\t\t\t\t<img loading=\"lazy\" decoding=\"async\" width=\"1246\" height=\"796\" src=\"https:\/\/www.ovlgc.org\/fr\/wp-content\/uploads\/2023\/10\/Niveau1-2VRL.jpg\" class=\"sow-slider-background-image\" alt=\"\" style=\"height: 300px; width: auto; margin: 0 auto;\" srcset=\"https:\/\/www.ovlgc.org\/fr\/wp-content\/uploads\/2023\/10\/Niveau1-2VRL.jpg 1246w, https:\/\/www.ovlgc.org\/fr\/wp-content\/uploads\/2023\/10\/Niveau1-2VRL-300x192.jpg 300w, https:\/\/www.ovlgc.org\/fr\/wp-content\/uploads\/2023\/10\/Niveau1-2VRL-1024x654.jpg 1024w, https:\/\/www.ovlgc.org\/fr\/wp-content\/uploads\/2023\/10\/Niveau1-2VRL-150x96.jpg 150w, https:\/\/www.ovlgc.org\/fr\/wp-content\/uploads\/2023\/10\/Niveau1-2VRL-768x491.jpg 768w\" sizes=\"auto, (max-width: 1246px) 100vw, 1246px\" \/>\t\t<\/li>\n\t\t\t\t<li class=\"sow-slider-image\" style=\"visibility: hidden;\" >\n\t\t\t\t\t\t<img loading=\"lazy\" decoding=\"async\" width=\"1246\" height=\"1268\" src=\"https:\/\/www.ovlgc.org\/fr\/wp-content\/uploads\/2023\/10\/Niveau1-3VRL.jpg\" class=\"sow-slider-background-image\" alt=\"\" style=\"height: 300px; width: auto; margin: 0 auto;\" srcset=\"https:\/\/www.ovlgc.org\/fr\/wp-content\/uploads\/2023\/10\/Niveau1-3VRL.jpg 1246w, https:\/\/www.ovlgc.org\/fr\/wp-content\/uploads\/2023\/10\/Niveau1-3VRL-295x300.jpg 295w, https:\/\/www.ovlgc.org\/fr\/wp-content\/uploads\/2023\/10\/Niveau1-3VRL-1006x1024.jpg 1006w, https:\/\/www.ovlgc.org\/fr\/wp-content\/uploads\/2023\/10\/Niveau1-3VRL-147x150.jpg 147w, https:\/\/www.ovlgc.org\/fr\/wp-content\/uploads\/2023\/10\/Niveau1-3VRL-768x782.jpg 768w\" sizes=\"auto, (max-width: 1246px) 100vw, 1246px\" \/>\t\t<\/li>\n\t\t<\/ul>\t\t\t\t<ol class=\"sow-slider-pagination\">\n\t\t\t\t\t\t\t\t\t\t\t<li><a href=\"#\" data-goto=\"0\" aria-label=\"Display slide 1\"><\/a><\/li>\n\t\t\t\t\t\t\t\t\t\t\t<li><a href=\"#\" data-goto=\"1\" aria-label=\"Display slide 2\"><\/a><\/li>\n\t\t\t\t\t\t\t\t\t\t\t<li><a href=\"#\" data-goto=\"2\" aria-label=\"Display slide 3\"><\/a><\/li>\n\t\t\t\t\t\t\t\t\t\t\t<li><a href=\"#\" data-goto=\"3\" aria-label=\"Display slide 4\"><\/a><\/li>\n\t\t\t\t\t\t\t\t\t<\/ol>\n\n\t\t\t\t<div class=\"sow-slide-nav sow-slide-nav-next\">\n\t\t\t\t\t<a href=\"#\" data-goto=\"next\" aria-label=\"Next slide\" data-action=\"next\">\n\t\t\t\t\t\t<em class=\"sow-sld-icon-thin-right\"><\/em>\n\t\t\t\t\t<\/a>\n\t\t\t\t<\/div>\n\n\t\t\t\t<div class=\"sow-slide-nav sow-slide-nav-prev\">\n\t\t\t\t\t<a href=\"#\" data-goto=\"previous\" aria-label=\"Previous slide\" data-action=\"prev\">\n\t\t\t\t\t\t<em class=\"sow-sld-icon-thin-left\"><\/em>\n\t\t\t\t\t<\/a>\n\t\t\t\t<\/div>\n\t\t\t\t<\/div><\/div><\/div><\/div><\/div><div id=\"pg-4617-1\"  class=\"panel-grid panel-no-style\" ><div id=\"pgc-4617-1-0\"  class=\"panel-grid-cell\" ><div id=\"panel-4617-1-0-0\" class=\"widget_text so-panel widget widget_custom_html panel-first-child panel-last-child\" data-index=\"1\" ><h3 class=\"widget-title\">Calendrier des formations<\/h3><div class=\"textwidget custom-html-widget\"><iframe loading=\"lazy\" src=\"https:\/\/calendar.google.com\/calendar\/embed?height=600&wkst=1&ctz=Europe%2FParis&showPrint=0&showCalendars=0&showTz=0&title=%C3%A0%20venir&showNav=0&mode=AGENDA&showTabs=0&showTitle=0&src=OTVqYXVrN2RycmwxYTExdmlodTA5a2c4cjlyYWhkcW9AaW1wb3J0LmNhbGVuZGFyLmdvb2dsZS5jb20&color=%23AD1457\" style=\"border-width:0\" width=\"800\" height=\"1200\" frameborder=\"0\" scrolling=\"no\"><\/iframe><\/div><\/div><\/div><div id=\"pgc-4617-1-1\"  class=\"panel-grid-cell\" ><div id=\"panel-4617-1-1-0\" class=\"so-panel widget widget_text panel-first-child panel-last-child\" data-index=\"2\" >\t\t\t<div class=\"textwidget\"><h3 class=\"titre_niv2\">Pr\u00e9requis<\/h3>\n<p>Aucun pr\u00e9requis n&rsquo;est demand\u00e9 pour participer \u00e0 cette formation.<\/p>\n<h3 class=\"titre_niv2\">Qui est concern\u00e9 ?<\/h3>\n<p>La formation <em>Valeurs de la R\u00e9publique et la\u00efcit\u00e9<\/em> s\u2019adresse aux <strong>agents publics<\/strong> ainsi qu\u2019aux <strong>salari\u00e9s et b\u00e9n\u00e9voles associatifs<\/strong> et plus particuli\u00e8rement :<\/p>\n<ul>\n<li><strong>aux personnes qui sont au contact direct des publics<\/strong>, en tout premier lieu ceux qui sont en relation directe avec des enfants et des jeunes et\/ou des habitants des quartiers prioritaires de la politique de la ville.\u00a0<em>Par exemple : animateurs, \u00e9ducateurs sportif, Atsem, coordonnateurs de r\u00e9ussite \u00e9ducative, travailleurs sociaux, m\u00e9diateurs et adultes relais, d\u00e9l\u00e9gu\u00e9s du pr\u00e9fet, conseillers citoyens, volontaires en Service civique\u2026\u00a0<\/em><\/li>\n<li><strong>aux professionnels qui interviennent dans l\u2019espace public<\/strong>, mais qui n\u2019assurent pas directement des fonctions \u00e9ducatives, d\u2019animation ou d\u2019encadrement.\u00a0<em>Par exemple : Gardiens d\u2019\u00e9quipements collectifs ou\u00a0<\/em><em>d\u2019immeubles, policiers municipaux, personnels de mairies de quartier et de centres sociaux, m\u00e9diateurs, \u00e9quipes projet politique de la ville, agents de d\u00e9veloppement\u2026\u00a0<\/em><\/li>\n<li><strong>aux professionnels qui ont une relation de service \u00e0 la population et les \u00e9lus.<\/strong><\/li>\n<\/ul>\n<h3 class=\"titre_niv2\">Moyens p\u00e9dagogiques<\/h3>\n<p>La majorit\u00e9 des sessions\u00a0de formation <em>Valeurs de la R\u00e9publique et la\u00efcit\u00e9<\/em> se d\u00e9roulent en pr\u00e9sentiel. Lorsqu&rsquo;une session est organis\u00e9e \u00e0 distance (en visioconf\u00e9rence), cela est pr\u00e9cis\u00e9 dans l&rsquo;intitul\u00e9 de la session.<\/p>\n<p>Tr\u00e8s <strong>interactive<\/strong>, la formation varie les modalit\u00e9s p\u00e9dagogiques avec des analyses de photos, des cas pratiques ou des situations v\u00e9cues travaill\u00e9es en sous-groupes, des \u00e9changes en pl\u00e9ni\u00e8re, des quiz, un jeu\u00a0de r\u00f4le&#8230;<\/p>\n<p>Les groupes de formation comptent\u00a0<strong>15 participants maximum<\/strong> ce qui permet \u00e0 chacun de s&rsquo;exprimer.<\/p>\n<h3 class=\"titre_niv2\">Objectifs<\/h3>\n<p>La formation <em>Valeurs de la R\u00e9publique et la\u00efcit\u00e9<\/em> (VRL) est destin\u00e9e aux acteurs de terrain, en contact direct avec les publics. Elle vise \u00e0 <strong>r\u00e9pondre \u00e0 vos besoins de qualification et d\u2019accompagnement sur l\u2019application du principe de la\u00efcit\u00e9 dans les situations professionnelles que vous rencontrez\u00a0au quotidien<\/strong>.<\/p>\n<p>\u00c0 l\u2019issue de la formation, vous serez en capacit\u00e9 :<br \/>\n\u2022 d\u2019adopter un positionnement adapt\u00e9 \u00e0 votre situation professionnelle et au statut de votre structure employeuse ;<br \/>\n\u2022 d\u2019apporter des r\u00e9ponses aux demandes et situations rencontr\u00e9es dans l\u2019exercice de vos fonctions, fond\u00e9es sur le droit en mati\u00e8re de respect des principes de la\u00efcit\u00e9 et de non-discrimination, dans une logique de dialogue avec les populations.<\/p>\n<p>La formation vous permettra :<br \/>\n\u2022 d\u2019<strong>acqu\u00e9rir les rep\u00e8res historiques et les r\u00e9f\u00e9rences juridiques<\/strong> de base sur les valeurs de la R\u00e9publique et le principe de la\u00efcit\u00e9 ;<br \/>\n\u2022 de <strong>confronter vos pratiques professionnelles<\/strong> aux apports d\u2019intervenants et \u00e0 celles d\u2019autres professionnels ;<br \/>\n\u2022 de travailler sur des cas pratiques.<\/p>\n<h3 class=\"titre_niv2\">Contenu<\/h3>\n<p>La formation d&rsquo;acteurs de terrain <em>Valeurs de la R\u00e9publique et la\u00efcit\u00e9<\/em> (niveau 3) est dispens\u00e9e de la m\u00eame mani\u00e8re sur l&rsquo;ensemble du territoire fran\u00e7ais, par des <strong>formateurs habilit\u00e9s<\/strong> \u00e0 la d\u00e9livrer, sur la base d&rsquo;un kit p\u00e9dagogique unique.<\/p>\n<p>La formation privil\u00e9gie une <strong>approche pragmatique du principe de la\u00efcit\u00e9<\/strong> : \u00e0 partir d&rsquo;un <strong>cadrage historique et juridique<\/strong>, l&rsquo;application du principe de la\u00efcit\u00e9 est abord\u00e9e \u00e0 travers diff\u00e9rents cas pratiques adapt\u00e9s \u00e0 vos situations professionnelles.<\/p>\n<p>La formation dure <strong>2 jours<\/strong> (cons\u00e9cutifs ou non) et comprend 11 s\u00e9quences :<\/p>\n<ol>\n<li>Accueil des participants<\/li>\n<li>Repr\u00e9sentations de la la\u00efcit\u00e9<\/li>\n<li>Histoire de la la\u00efcit\u00e9 et terminologie<\/li>\n<li>Approche juridique de la la\u00efcit\u00e9<\/li>\n<li>Analyse des situations professionnelles<\/li>\n<li>Autopositionnement<\/li>\n<li>Argumentation<\/li>\n<li>Posture et communication<\/li>\n<li>Pr\u00e9vention de la radicalisation<\/li>\n<li>Approfondissement d&rsquo;une th\u00e9matique<\/li>\n<li>Cl\u00f4ture de la formation<\/li>\n<\/ol>\n<\/div>\n\t\t<\/div><\/div><\/div><\/div>","protected":false},"excerpt":{"rendered":"<p>Pr\u00e9requis Aucun pr\u00e9requis n&rsquo;est demand\u00e9 pour participer \u00e0 cette formation. Qui est concern\u00e9 ? La formation Valeurs de la R\u00e9publique<\/p>\n","protected":false},"author":1,"featured_media":0,"parent":4871,"menu_order":0,"comment_status":"closed","ping_status":"closed","template":"","meta":{"footnotes":""},"class_list":["post-4617","page","type-page","status-publish","hentry"],"_links":{"self":[{"href":"https:\/\/www.ovlgc.org\/fr\/wp-json\/wp\/v2\/pages\/4617","targetHints":{"allow":["GET"]}}],"collection":[{"href":"https:\/\/www.ovlgc.org\/fr\/wp-json\/wp\/v2\/pages"}],"about":[{"href":"https:\/\/www.ovlgc.org\/fr\/wp-json\/wp\/v2\/types\/page"}],"author":[{"embeddable":true,"href":"https:\/\/www.ovlgc.org\/fr\/wp-json\/wp\/v2\/users\/1"}],"replies":[{"embeddable":true,"href":"https:\/\/www.ovlgc.org\/fr\/wp-json\/wp\/v2\/comments?post=4617"}],"version-history":[{"count":64,"href":"https:\/\/www.ovlgc.org\/fr\/wp-json\/wp\/v2\/pages\/4617\/revisions"}],"predecessor-version":[{"id":5257,"href":"https:\/\/www.ovlgc.org\/fr\/wp-json\/wp\/v2\/pages\/4617\/revisions\/5257"}],"up":[{"embeddable":true,"href":"https:\/\/www.ovlgc.org\/fr\/wp-json\/wp\/v2\/pages\/4871"}],"wp:attachment":[{"href":"https:\/\/www.ovlgc.org\/fr\/wp-json\/wp\/v2\/media?parent=4617"}],"curies":[{"name":"wp","href":"https:\/\/api.w.org\/{rel}","templated":true}]}}