{"id":3482,"date":"2022-01-06T10:43:26","date_gmt":"2022-01-06T09:43:26","guid":{"rendered":"http:\/\/www.ovlgc.org\/fr\/?page_id=3482"},"modified":"2024-05-07T12:08:52","modified_gmt":"2024-05-07T10:08:52","slug":"evenements-2021","status":"publish","type":"page","link":"https:\/\/www.ovlgc.org\/fr\/evenements-de-2024\/evenements\/evenements-2021\/","title":{"rendered":"\u00c9v\u00e8nements de 2021"},"content":{"rendered":"<div id=\"pl-3482\"  class=\"panel-layout\" ><div id=\"pg-3482-0\"  class=\"panel-grid panel-no-style\" ><div id=\"pgc-3482-0-0\"  class=\"panel-grid-cell panel-grid-cell-mobile-last\" ><div id=\"panel-3482-0-0-0\" class=\"so-panel widget widget_colormag_featured_posts_widget cm-featured-posts cm-featured-posts--style-1 panel-first-child panel-last-child\" data-index=\"0\" >\r\n\t\t<div class=\"cm-first-post\">\r\n\t\t\t<div class=\"cm-post\">\r\n\t\t\t\t<a href=\"https:\/\/www.ovlgc.org\/fr\/la-semaine-de-la-laicite-2021\/\" title=\"La Semaine de la La\u00efcit\u00e9 2021\"><img loading=\"lazy\" decoding=\"async\" width=\"390\" height=\"205\" src=\"https:\/\/www.ovlgc.org\/fr\/wp-content\/uploads\/2021\/12\/Semaine-de-la-Laicite-390x205.png\" class=\"attachment-colormag-featured-post-medium size-colormag-featured-post-medium wp-post-image\" alt=\"La Semaine de la La\u00efcit\u00e9 2021\" title=\"La Semaine de la La\u00efcit\u00e9 2021\" \/><\/a><\/figure>\r\n\t\t\t\t<div class=\"cm-post-content\">\r\n\t\t\t\t\t<div class=\"cm-entry-header-meta\"><div class=\"cm-post-categories\"><a href=\"https:\/\/www.ovlgc.org\/fr\/category\/evenements\/evenements-de-2021\/\" style=\"background:#1fc9e0\" rel=\"category tag\">\u00c9v\u00e8nements de 2021<\/a><\/div><\/div>\t\t<h3 class=\"cm-entry-title\">\r\n\t\t\t<a href=\"https:\/\/www.ovlgc.org\/fr\/la-semaine-de-la-laicite-2021\/\" title=\"La Semaine de la La\u00efcit\u00e9 2021\">\r\n\t\t\t\tLa Semaine de la La\u00efcit\u00e9 2021\t\t\t<\/a>\r\n\t\t<\/h3>\r\n\t\t<div class=\"cm-below-entry-meta \"><span class=\"cm-post-date\"><a href=\"https:\/\/www.ovlgc.org\/fr\/la-semaine-de-la-laicite-2021\/\" title=\"10 h 40 min\" rel=\"bookmark\"><svg class=\"cm-icon cm-icon--calendar-fill\" xmlns=\"http:\/\/www.w3.org\/2000\/svg\" viewBox=\"0 0 24 24\"><path d=\"M21.1 6.6v1.6c0 .6-.4 1-1 1H3.9c-.6 0-1-.4-1-1V6.6c0-1.5 1.3-2.8 2.8-2.8h1.7V3c0-.6.4-1 1-1s1 .4 1 1v.8h5.2V3c0-.6.4-1 1-1s1 .4 1 1v.8h1.7c1.5 0 2.8 1.3 2.8 2.8zm-1 4.6H3.9c-.6 0-1 .4-1 1v7c0 1.5 1.3 2.8 2.8 2.8h12.6c1.5 0 2.8-1.3 2.8-2.8v-7c0-.6-.4-1-1-1z\"><\/path><\/svg> <time class=\"entry-date published updated\" datetime=\"2022-01-06T10:40:44+01:00\">6 janvier 2022<\/time><\/a><\/span>\r\n\t\t<span class=\"cm-author cm-vcard\">\r\n\t\t\t<svg class=\"cm-icon cm-icon--user\" xmlns=\"http:\/\/www.w3.org\/2000\/svg\" viewBox=\"0 0 24 24\"><path d=\"M7 7c0-2.8 2.2-5 5-5s5 2.2 5 5-2.2 5-5 5-5-2.2-5-5zm9 7H8c-2.8 0-5 2.2-5 5v2c0 .6.4 1 1 1h16c.6 0 1-.4 1-1v-2c0-2.8-2.2-5-5-5z\"><\/path><\/svg>\t\t\t<a class=\"url fn n\"\r\n\t\t\thref=\"https:\/\/www.ovlgc.org\/fr\/author\/lbourmaud\/\"\r\n\t\t\ttitle=\"Secr\u00e9tariat OVLGC\"\r\n\t\t\t>\r\n\t\t\t\tSecr\u00e9tariat OVLGC\t\t\t<\/a>\r\n\t\t<\/span>\r\n\r\n\t\t<\/div>\r\n\t\t\t\t\t\t\t\t\t\t\t<div class=\"cm-entry-summary\">\r\n\t\t\t\t\t\t\t<p>&nbsp; Apr\u00e8s le programme de cette semaine, un article de presse et l&rsquo;annonce de la conf\u00e9rence, vous trouverez diff\u00e9rents avis<\/p>\n\t\t\t\t\t\t<\/div>\r\n\t\t\t\t\t\t\t\t\t<\/div>\r\n\r\n\t\t\t<\/div>\r\n\r\n\t\t\t<\/div><div class=\"cm-posts\">\r\n\t\t\t<div class=\"cm-post\">\r\n\t\t\t\t<a href=\"https:\/\/www.ovlgc.org\/fr\/la-venue-de-philippe-portier-a-la-roche-sur-yon\/\" title=\"La Venue de Philippe PORTIER \u00e0 la Roche sur Yon\"><img loading=\"lazy\" decoding=\"async\" width=\"130\" height=\"90\" src=\"https:\/\/www.ovlgc.org\/fr\/wp-content\/uploads\/2021\/12\/IMG_20211210_184539-130x90.jpg\" class=\"attachment-colormag-featured-post-small size-colormag-featured-post-small wp-post-image\" alt=\"La Venue de Philippe PORTIER \u00e0 la Roche sur Yon\" title=\"La Venue de Philippe PORTIER \u00e0 la Roche sur Yon\" srcset=\"https:\/\/www.ovlgc.org\/fr\/wp-content\/uploads\/2021\/12\/IMG_20211210_184539-130x90.jpg 130w, https:\/\/www.ovlgc.org\/fr\/wp-content\/uploads\/2021\/12\/IMG_20211210_184539-392x272.jpg 392w\" sizes=\"auto, (max-width: 130px) 100vw, 130px\" \/><\/a><\/figure>\r\n\t\t\t\t<div class=\"cm-post-content\">\r\n\t\t\t\t\t<div class=\"cm-entry-header-meta\"><div class=\"cm-post-categories\"><a href=\"https:\/\/www.ovlgc.org\/fr\/category\/evenements\/evenements-de-2021\/\" style=\"background:#1fc9e0\" rel=\"category tag\">\u00c9v\u00e8nements de 2021<\/a><a href=\"https:\/\/www.ovlgc.org\/fr\/category\/la-venue-de-philippe-portier-le-10-decembre\/\" style=\"background:#1fc9e0\" rel=\"category tag\">La Venue de Philippe PORTIER le 10 D\u00e9cembre<\/a><\/div><\/div>\t\t<h3 class=\"cm-entry-title\">\r\n\t\t\t<a href=\"https:\/\/www.ovlgc.org\/fr\/la-venue-de-philippe-portier-a-la-roche-sur-yon\/\" title=\"La Venue de Philippe PORTIER \u00e0 la Roche sur Yon\">\r\n\t\t\t\tLa Venue de Philippe PORTIER \u00e0 la Roche sur Yon\t\t\t<\/a>\r\n\t\t<\/h3>\r\n\t\t<div class=\"cm-below-entry-meta \"><span class=\"cm-post-date\"><a href=\"https:\/\/www.ovlgc.org\/fr\/la-venue-de-philippe-portier-a-la-roche-sur-yon\/\" title=\"10 h 19 min\" rel=\"bookmark\"><svg class=\"cm-icon cm-icon--calendar-fill\" xmlns=\"http:\/\/www.w3.org\/2000\/svg\" viewBox=\"0 0 24 24\"><path d=\"M21.1 6.6v1.6c0 .6-.4 1-1 1H3.9c-.6 0-1-.4-1-1V6.6c0-1.5 1.3-2.8 2.8-2.8h1.7V3c0-.6.4-1 1-1s1 .4 1 1v.8h5.2V3c0-.6.4-1 1-1s1 .4 1 1v.8h1.7c1.5 0 2.8 1.3 2.8 2.8zm-1 4.6H3.9c-.6 0-1 .4-1 1v7c0 1.5 1.3 2.8 2.8 2.8h12.6c1.5 0 2.8-1.3 2.8-2.8v-7c0-.6-.4-1-1-1z\"><\/path><\/svg> <time class=\"entry-date published updated\" datetime=\"2022-01-06T10:19:28+01:00\">6 janvier 2022<\/time><\/a><\/span>\r\n\t\t<span class=\"cm-author cm-vcard\">\r\n\t\t\t<svg class=\"cm-icon cm-icon--user\" xmlns=\"http:\/\/www.w3.org\/2000\/svg\" viewBox=\"0 0 24 24\"><path d=\"M7 7c0-2.8 2.2-5 5-5s5 2.2 5 5-2.2 5-5 5-5-2.2-5-5zm9 7H8c-2.8 0-5 2.2-5 5v2c0 .6.4 1 1 1h16c.6 0 1-.4 1-1v-2c0-2.8-2.2-5-5-5z\"><\/path><\/svg>\t\t\t<a class=\"url fn n\"\r\n\t\t\thref=\"https:\/\/www.ovlgc.org\/fr\/author\/lbourmaud\/\"\r\n\t\t\ttitle=\"Secr\u00e9tariat OVLGC\"\r\n\t\t\t>\r\n\t\t\t\tSecr\u00e9tariat OVLGC\t\t\t<\/a>\r\n\t\t<\/span>\r\n\r\n\t\t<\/div>\r\n\t\t\t\t\t\t\t\t\t<\/div>\r\n\r\n\t\t\t<\/div>\r\n\r\n\t\t\t<\/div><\/div><\/div><div id=\"pgc-3482-0-1\"  class=\"panel-grid-cell panel-grid-cell-empty\" ><\/div><\/div><div id=\"pg-3482-1\"  class=\"panel-grid panel-has-style\" ><div class=\"siteorigin-panels-stretch panel-row-style panel-row-style-for-3482-1\" data-stretch-type=\"full\" ><div id=\"pgc-3482-1-0\"  class=\"panel-grid-cell\" ><div id=\"panel-3482-1-0-0\" class=\"so-panel widget widget_sfp_page_plugin_widget panel-first-child panel-last-child\" data-index=\"1\" ><!-- SFPlugin by topdevs.net -->\n<!-- Page Plugin Code START -->\n<div class=\"sfp-container\" data-sfp-embed=\"1\" data-sfp-url=\"https:\/\/www.facebook.com\/ovlgc\" data-sfp-width=\"500\" data-sfp-height=\"400\" data-sfp-hide-cover=\"false\" data-sfp-show-facepile=\"false\" data-sfp-small-header=\"false\" data-sfp-tabs=\"timeline,events,messages\" data-sfp-locale=\"fr_FR\" data-sfp-click-to-load=\"0\" data-sfp-lazy=\"1\">\n\t<button\n\t\ttype=\"button\"\n\t\tclass=\"sfp-placeholder\"\n\t\t style=\"background: linear-gradient(135deg, #e7f3ff 0%, #f5faff 100%); color: #1877f2\"\t\taria-label=\"Click to load Facebook content\"\t>\n\t\t\t<\/button>\n\t<div class=\"sfp-embed\" aria-live=\"polite\"><\/div>\n<\/div>\n<!-- Page Plugin Code END -->\n<\/div><\/div><div id=\"pgc-3482-1-1\"  class=\"panel-grid-cell\" ><div id=\"panel-3482-1-1-0\" class=\"widget_text so-panel widget widget_custom_html panel-first-child panel-last-child\" data-index=\"2\" ><div class=\"textwidget custom-html-widget\"><a class=\"twitter-timeline\" \ndata-chrome=\"nofooter\"\nheight=\"400px\"\nhref=\"https:\/\/twitter.com\/vigielaicite\">Tweets de @VigieLa\u00efcit\u00e9<\/a> <script async src=\"https:\/\/platform.twitter.com\/widgets.js\" charset=\"utf-8\"><\/script><\/div><\/div><\/div><\/div><\/div><\/div>","protected":false},"excerpt":{"rendered":"<p>\u00c9v\u00e8nements de 2021 La Semaine de la La\u00efcit\u00e9 2021 6 janvier 2022 Secr\u00e9tariat OVLGC &nbsp; Apr\u00e8s le programme de cette<\/p>\n","protected":false},"author":2,"featured_media":0,"parent":248,"menu_order":0,"comment_status":"closed","ping_status":"closed","template":"","meta":{"footnotes":""},"class_list":["post-3482","page","type-page","status-publish","hentry"],"_links":{"self":[{"href":"https:\/\/www.ovlgc.org\/fr\/wp-json\/wp\/v2\/pages\/3482","targetHints":{"allow":["GET"]}}],"collection":[{"href":"https:\/\/www.ovlgc.org\/fr\/wp-json\/wp\/v2\/pages"}],"about":[{"href":"https:\/\/www.ovlgc.org\/fr\/wp-json\/wp\/v2\/types\/page"}],"author":[{"embeddable":true,"href":"https:\/\/www.ovlgc.org\/fr\/wp-json\/wp\/v2\/users\/2"}],"replies":[{"embeddable":true,"href":"https:\/\/www.ovlgc.org\/fr\/wp-json\/wp\/v2\/comments?post=3482"}],"version-history":[{"count":43,"href":"https:\/\/www.ovlgc.org\/fr\/wp-json\/wp\/v2\/pages\/3482\/revisions"}],"predecessor-version":[{"id":5131,"href":"https:\/\/www.ovlgc.org\/fr\/wp-json\/wp\/v2\/pages\/3482\/revisions\/5131"}],"up":[{"embeddable":true,"href":"https:\/\/www.ovlgc.org\/fr\/wp-json\/wp\/v2\/pages\/248"}],"wp:attachment":[{"href":"https:\/\/www.ovlgc.org\/fr\/wp-json\/wp\/v2\/media?parent=3482"}],"curies":[{"name":"wp","href":"https:\/\/api.w.org\/{rel}","templated":true}]}}