{"id":1662,"date":"2019-02-13T10:46:19","date_gmt":"2019-02-13T09:46:19","guid":{"rendered":"http:\/\/www.ovlgc.org\/fr\/?page_id=1662"},"modified":"2022-05-19T08:43:32","modified_gmt":"2022-05-19T06:43:32","slug":"lassociation-2","status":"publish","type":"page","link":"https:\/\/www.ovlgc.org\/fr\/lassociation-2\/","title":{"rendered":"L&rsquo;ASSOCIATION"},"content":{"rendered":"<div id=\"pl-1662\"  class=\"panel-layout\" ><div id=\"pg-1662-0\"  class=\"panel-grid panel-no-style\" ><div id=\"pgc-1662-0-0\"  class=\"panel-grid-cell\" ><div id=\"panel-1662-0-0-0\" class=\"so-panel widget widget_colormag_featured_posts_vertical_widget cm-featured-posts cm-featured-posts--style-2 panel-first-child panel-last-child\" data-index=\"0\" ><div class=\"panel-widget-style panel-widget-style-for-1662-0-0-0\" >\r\n\t\t<div class=\"cm-first-post\">\r\n\t\t\t<div class=\"cm-post\">\r\n\t\t\t\t\r\n\t\t\t\t<div class=\"cm-post-content\">\r\n\t\t\t\t\t<div class=\"cm-entry-header-meta\"><div class=\"cm-post-categories\"><a href=\"https:\/\/www.ovlgc.org\/fr\/category\/lassociation\/\" rel=\"category tag\">L'ASSOCIATION<\/a><\/div><\/div>\t\t<h3 class=\"cm-entry-title\">\r\n\t\t\t<a href=\"https:\/\/www.ovlgc.org\/fr\/la-genese-de-lassociation\/\" title=\"La Cr\u00e9ation de l&rsquo;Association\">\r\n\t\t\t\tLa Cr\u00e9ation de l&rsquo;Association\t\t\t<\/a>\r\n\t\t<\/h3>\r\n\t\t<div class=\"cm-below-entry-meta \"><span class=\"cm-post-date\"><a href=\"https:\/\/www.ovlgc.org\/fr\/la-genese-de-lassociation\/\" title=\"10 h 42 min\" rel=\"bookmark\"><svg class=\"cm-icon cm-icon--calendar-fill\" xmlns=\"http:\/\/www.w3.org\/2000\/svg\" viewBox=\"0 0 24 24\"><path d=\"M21.1 6.6v1.6c0 .6-.4 1-1 1H3.9c-.6 0-1-.4-1-1V6.6c0-1.5 1.3-2.8 2.8-2.8h1.7V3c0-.6.4-1 1-1s1 .4 1 1v.8h5.2V3c0-.6.4-1 1-1s1 .4 1 1v.8h1.7c1.5 0 2.8 1.3 2.8 2.8zm-1 4.6H3.9c-.6 0-1 .4-1 1v7c0 1.5 1.3 2.8 2.8 2.8h12.6c1.5 0 2.8-1.3 2.8-2.8v-7c0-.6-.4-1-1-1z\"><\/path><\/svg> <time class=\"entry-date published updated\" datetime=\"2019-02-13T10:42:27+01:00\">13 f\u00e9vrier 2019<\/time><\/a><\/span>\r\n\t\t<span class=\"cm-author cm-vcard\">\r\n\t\t\t<svg class=\"cm-icon cm-icon--user\" xmlns=\"http:\/\/www.w3.org\/2000\/svg\" viewBox=\"0 0 24 24\"><path d=\"M7 7c0-2.8 2.2-5 5-5s5 2.2 5 5-2.2 5-5 5-5-2.2-5-5zm9 7H8c-2.8 0-5 2.2-5 5v2c0 .6.4 1 1 1h16c.6 0 1-.4 1-1v-2c0-2.8-2.2-5-5-5z\"><\/path><\/svg>\t\t\t<a class=\"url fn n\"\r\n\t\t\thref=\"https:\/\/www.ovlgc.org\/fr\/author\/lbourmaud\/\"\r\n\t\t\ttitle=\"Secr\u00e9tariat OVLGC\"\r\n\t\t\t>\r\n\t\t\t\tSecr\u00e9tariat OVLGC\t\t\t<\/a>\r\n\t\t<\/span>\r\n\r\n\t\t<\/div>\r\n\t\t\t\t\t\t\t\t\t\t\t<div class=\"cm-entry-summary\">\r\n\t\t\t\t\t\t\t<p>En 2014, l&rsquo;OVLGC \u00e9tait cr\u00e9\u00e9. Voici l&rsquo;article de presse dont il a fait l&rsquo;objet.<\/p>\n\t\t\t\t\t\t<\/div>\r\n\t\t\t\t\t\t\t\t\t<\/div>\r\n\t\t\t<\/div>\r\n\r\n\t\t\t<\/div><div class=\"cm-posts\">\r\n\t\t\t<div class=\"cm-post\">\r\n\t\t\t\t\r\n\t\t\t\t<div class=\"cm-post-content\">\r\n\t\t\t\t\t<div class=\"cm-entry-header-meta\"><div class=\"cm-post-categories\"><a href=\"https:\/\/www.ovlgc.org\/fr\/category\/lassociation\/\" rel=\"category tag\">L'ASSOCIATION<\/a><\/div><\/div>\t\t<h3 class=\"cm-entry-title\">\r\n\t\t\t<a href=\"https:\/\/www.ovlgc.org\/fr\/les-membres-fondateurs\/\" title=\"Les Membres Fondateurs\">\r\n\t\t\t\tLes Membres Fondateurs\t\t\t<\/a>\r\n\t\t<\/h3>\r\n\t\t<div class=\"cm-below-entry-meta \"><span class=\"cm-post-date\"><a href=\"https:\/\/www.ovlgc.org\/fr\/les-membres-fondateurs\/\" title=\"10 h 41 min\" rel=\"bookmark\"><svg class=\"cm-icon cm-icon--calendar-fill\" xmlns=\"http:\/\/www.w3.org\/2000\/svg\" viewBox=\"0 0 24 24\"><path d=\"M21.1 6.6v1.6c0 .6-.4 1-1 1H3.9c-.6 0-1-.4-1-1V6.6c0-1.5 1.3-2.8 2.8-2.8h1.7V3c0-.6.4-1 1-1s1 .4 1 1v.8h5.2V3c0-.6.4-1 1-1s1 .4 1 1v.8h1.7c1.5 0 2.8 1.3 2.8 2.8zm-1 4.6H3.9c-.6 0-1 .4-1 1v7c0 1.5 1.3 2.8 2.8 2.8h12.6c1.5 0 2.8-1.3 2.8-2.8v-7c0-.6-.4-1-1-1z\"><\/path><\/svg> <time class=\"entry-date published updated\" datetime=\"2019-02-12T10:41:54+01:00\">12 f\u00e9vrier 2019<\/time><\/a><\/span>\r\n\t\t<span class=\"cm-author cm-vcard\">\r\n\t\t\t<svg class=\"cm-icon cm-icon--user\" xmlns=\"http:\/\/www.w3.org\/2000\/svg\" viewBox=\"0 0 24 24\"><path d=\"M7 7c0-2.8 2.2-5 5-5s5 2.2 5 5-2.2 5-5 5-5-2.2-5-5zm9 7H8c-2.8 0-5 2.2-5 5v2c0 .6.4 1 1 1h16c.6 0 1-.4 1-1v-2c0-2.8-2.2-5-5-5z\"><\/path><\/svg>\t\t\t<a class=\"url fn n\"\r\n\t\t\thref=\"https:\/\/www.ovlgc.org\/fr\/author\/lbourmaud\/\"\r\n\t\t\ttitle=\"Secr\u00e9tariat OVLGC\"\r\n\t\t\t>\r\n\t\t\t\tSecr\u00e9tariat OVLGC\t\t\t<\/a>\r\n\t\t<\/span>\r\n\r\n\t\t<\/div>\r\n\t\t\t\t\t\t\t\t\t<\/div>\r\n\t\t\t<\/div>\r\n\r\n\t\t\t\r\n\t\t\t<div class=\"cm-post\">\r\n\t\t\t\t\r\n\t\t\t\t<div class=\"cm-post-content\">\r\n\t\t\t\t\t<div class=\"cm-entry-header-meta\"><div class=\"cm-post-categories\"><a href=\"https:\/\/www.ovlgc.org\/fr\/category\/lassociation\/\" rel=\"category tag\">L'ASSOCIATION<\/a><\/div><\/div>\t\t<h3 class=\"cm-entry-title\">\r\n\t\t\t<a href=\"https:\/\/www.ovlgc.org\/fr\/statuts-2\/\" title=\"Les Statuts, le Conseil d&rsquo;Administration, le Bureau\">\r\n\t\t\t\tLes Statuts, le Conseil d&rsquo;Administration, le Bureau\t\t\t<\/a>\r\n\t\t<\/h3>\r\n\t\t<div class=\"cm-below-entry-meta \"><span class=\"cm-post-date\"><a href=\"https:\/\/www.ovlgc.org\/fr\/statuts-2\/\" title=\"18 h 27 min\" rel=\"bookmark\"><svg class=\"cm-icon cm-icon--calendar-fill\" xmlns=\"http:\/\/www.w3.org\/2000\/svg\" viewBox=\"0 0 24 24\"><path d=\"M21.1 6.6v1.6c0 .6-.4 1-1 1H3.9c-.6 0-1-.4-1-1V6.6c0-1.5 1.3-2.8 2.8-2.8h1.7V3c0-.6.4-1 1-1s1 .4 1 1v.8h5.2V3c0-.6.4-1 1-1s1 .4 1 1v.8h1.7c1.5 0 2.8 1.3 2.8 2.8zm-1 4.6H3.9c-.6 0-1 .4-1 1v7c0 1.5 1.3 2.8 2.8 2.8h12.6c1.5 0 2.8-1.3 2.8-2.8v-7c0-.6-.4-1-1-1z\"><\/path><\/svg> <time class=\"entry-date published updated\" datetime=\"2019-02-11T18:27:53+01:00\">11 f\u00e9vrier 2019<\/time><\/a><\/span>\r\n\t\t<span class=\"cm-author cm-vcard\">\r\n\t\t\t<svg class=\"cm-icon cm-icon--user\" xmlns=\"http:\/\/www.w3.org\/2000\/svg\" viewBox=\"0 0 24 24\"><path d=\"M7 7c0-2.8 2.2-5 5-5s5 2.2 5 5-2.2 5-5 5-5-2.2-5-5zm9 7H8c-2.8 0-5 2.2-5 5v2c0 .6.4 1 1 1h16c.6 0 1-.4 1-1v-2c0-2.8-2.2-5-5-5z\"><\/path><\/svg>\t\t\t<a class=\"url fn n\"\r\n\t\t\thref=\"https:\/\/www.ovlgc.org\/fr\/author\/lbourmaud\/\"\r\n\t\t\ttitle=\"Secr\u00e9tariat OVLGC\"\r\n\t\t\t>\r\n\t\t\t\tSecr\u00e9tariat OVLGC\t\t\t<\/a>\r\n\t\t<\/span>\r\n\r\n\t\t<\/div>\r\n\t\t\t\t\t\t\t\t\t<\/div>\r\n\t\t\t<\/div>\r\n\r\n\t\t\t\r\n\t\t\t<div class=\"cm-post\">\r\n\t\t\t\t\r\n\t\t\t\t<div class=\"cm-post-content\">\r\n\t\t\t\t\t<div class=\"cm-entry-header-meta\"><div class=\"cm-post-categories\"><a href=\"https:\/\/www.ovlgc.org\/fr\/category\/lassociation\/\" rel=\"category tag\">L'ASSOCIATION<\/a><\/div><\/div>\t\t<h3 class=\"cm-entry-title\">\r\n\t\t\t<a href=\"https:\/\/www.ovlgc.org\/fr\/la-presentation\/\" title=\"La Pr\u00e9sentation\">\r\n\t\t\t\tLa Pr\u00e9sentation\t\t\t<\/a>\r\n\t\t<\/h3>\r\n\t\t<div class=\"cm-below-entry-meta \"><span class=\"cm-post-date\"><a href=\"https:\/\/www.ovlgc.org\/fr\/la-presentation\/\" title=\"10 h 40 min\" rel=\"bookmark\"><svg class=\"cm-icon cm-icon--calendar-fill\" xmlns=\"http:\/\/www.w3.org\/2000\/svg\" viewBox=\"0 0 24 24\"><path d=\"M21.1 6.6v1.6c0 .6-.4 1-1 1H3.9c-.6 0-1-.4-1-1V6.6c0-1.5 1.3-2.8 2.8-2.8h1.7V3c0-.6.4-1 1-1s1 .4 1 1v.8h5.2V3c0-.6.4-1 1-1s1 .4 1 1v.8h1.7c1.5 0 2.8 1.3 2.8 2.8zm-1 4.6H3.9c-.6 0-1 .4-1 1v7c0 1.5 1.3 2.8 2.8 2.8h12.6c1.5 0 2.8-1.3 2.8-2.8v-7c0-.6-.4-1-1-1z\"><\/path><\/svg> <time class=\"entry-date published updated\" datetime=\"2019-02-10T10:40:48+01:00\">10 f\u00e9vrier 2019<\/time><\/a><\/span>\r\n\t\t<span class=\"cm-author cm-vcard\">\r\n\t\t\t<svg class=\"cm-icon cm-icon--user\" xmlns=\"http:\/\/www.w3.org\/2000\/svg\" viewBox=\"0 0 24 24\"><path d=\"M7 7c0-2.8 2.2-5 5-5s5 2.2 5 5-2.2 5-5 5-5-2.2-5-5zm9 7H8c-2.8 0-5 2.2-5 5v2c0 .6.4 1 1 1h16c.6 0 1-.4 1-1v-2c0-2.8-2.2-5-5-5z\"><\/path><\/svg>\t\t\t<a class=\"url fn n\"\r\n\t\t\thref=\"https:\/\/www.ovlgc.org\/fr\/author\/lbourmaud\/\"\r\n\t\t\ttitle=\"Secr\u00e9tariat OVLGC\"\r\n\t\t\t>\r\n\t\t\t\tSecr\u00e9tariat OVLGC\t\t\t<\/a>\r\n\t\t<\/span>\r\n\r\n\t\t<\/div>\r\n\t\t\t\t\t\t\t\t\t<\/div>\r\n\t\t\t<\/div>\r\n\r\n\t\t\t\r\n\t\t\t<div class=\"cm-post\">\r\n\t\t\t\t\r\n\t\t\t\t<div class=\"cm-post-content\">\r\n\t\t\t\t\t<div class=\"cm-entry-header-meta\"><div class=\"cm-post-categories\"><a href=\"https:\/\/www.ovlgc.org\/fr\/category\/lassociation\/\" rel=\"category tag\">L'ASSOCIATION<\/a><\/div><\/div>\t\t<h3 class=\"cm-entry-title\">\r\n\t\t\t<a href=\"https:\/\/www.ovlgc.org\/fr\/la-charte-des-adherents\/\" title=\"La Charte des Adh\u00e9rents\">\r\n\t\t\t\tLa Charte des Adh\u00e9rents\t\t\t<\/a>\r\n\t\t<\/h3>\r\n\t\t<div class=\"cm-below-entry-meta \"><span class=\"cm-post-date\"><a href=\"https:\/\/www.ovlgc.org\/fr\/la-charte-des-adherents\/\" title=\"10 h 30 min\" rel=\"bookmark\"><svg class=\"cm-icon cm-icon--calendar-fill\" xmlns=\"http:\/\/www.w3.org\/2000\/svg\" viewBox=\"0 0 24 24\"><path d=\"M21.1 6.6v1.6c0 .6-.4 1-1 1H3.9c-.6 0-1-.4-1-1V6.6c0-1.5 1.3-2.8 2.8-2.8h1.7V3c0-.6.4-1 1-1s1 .4 1 1v.8h5.2V3c0-.6.4-1 1-1s1 .4 1 1v.8h1.7c1.5 0 2.8 1.3 2.8 2.8zm-1 4.6H3.9c-.6 0-1 .4-1 1v7c0 1.5 1.3 2.8 2.8 2.8h12.6c1.5 0 2.8-1.3 2.8-2.8v-7c0-.6-.4-1-1-1z\"><\/path><\/svg> <time class=\"entry-date published updated\" datetime=\"2019-02-10T10:30:33+01:00\">10 f\u00e9vrier 2019<\/time><\/a><\/span>\r\n\t\t<span class=\"cm-author cm-vcard\">\r\n\t\t\t<svg class=\"cm-icon cm-icon--user\" xmlns=\"http:\/\/www.w3.org\/2000\/svg\" viewBox=\"0 0 24 24\"><path d=\"M7 7c0-2.8 2.2-5 5-5s5 2.2 5 5-2.2 5-5 5-5-2.2-5-5zm9 7H8c-2.8 0-5 2.2-5 5v2c0 .6.4 1 1 1h16c.6 0 1-.4 1-1v-2c0-2.8-2.2-5-5-5z\"><\/path><\/svg>\t\t\t<a class=\"url fn n\"\r\n\t\t\thref=\"https:\/\/www.ovlgc.org\/fr\/author\/lbourmaud\/\"\r\n\t\t\ttitle=\"Secr\u00e9tariat OVLGC\"\r\n\t\t\t>\r\n\t\t\t\tSecr\u00e9tariat OVLGC\t\t\t<\/a>\r\n\t\t<\/span>\r\n\r\n\t\t<\/div>\r\n\t\t\t\t\t\t\t\t\t<\/div>\r\n\t\t\t<\/div>\r\n\r\n\t\t\t\r\n\t\t\t<div class=\"cm-post\">\r\n\t\t\t\t\r\n\t\t\t\t<div class=\"cm-post-content\">\r\n\t\t\t\t\t<div class=\"cm-entry-header-meta\"><div class=\"cm-post-categories\"><a href=\"https:\/\/www.ovlgc.org\/fr\/category\/lassociation\/\" rel=\"category tag\">L'ASSOCIATION<\/a><\/div><\/div>\t\t<h3 class=\"cm-entry-title\">\r\n\t\t\t<a href=\"https:\/\/www.ovlgc.org\/fr\/assemblee-generale-de-lovlgc-du-16-octobre-2020\/\" title=\"Les Assembl\u00e9es G\u00e9n\u00e9rales de l&rsquo;OVLGC\">\r\n\t\t\t\tLes Assembl\u00e9es G\u00e9n\u00e9rales de l&rsquo;OVLGC\t\t\t<\/a>\r\n\t\t<\/h3>\r\n\t\t<div class=\"cm-below-entry-meta \"><span class=\"cm-post-date\"><a href=\"https:\/\/www.ovlgc.org\/fr\/assemblee-generale-de-lovlgc-du-16-octobre-2020\/\" title=\"18 h 17 min\" rel=\"bookmark\"><svg class=\"cm-icon cm-icon--calendar-fill\" xmlns=\"http:\/\/www.w3.org\/2000\/svg\" viewBox=\"0 0 24 24\"><path d=\"M21.1 6.6v1.6c0 .6-.4 1-1 1H3.9c-.6 0-1-.4-1-1V6.6c0-1.5 1.3-2.8 2.8-2.8h1.7V3c0-.6.4-1 1-1s1 .4 1 1v.8h5.2V3c0-.6.4-1 1-1s1 .4 1 1v.8h1.7c1.5 0 2.8 1.3 2.8 2.8zm-1 4.6H3.9c-.6 0-1 .4-1 1v7c0 1.5 1.3 2.8 2.8 2.8h12.6c1.5 0 2.8-1.3 2.8-2.8v-7c0-.6-.4-1-1-1z\"><\/path><\/svg> <time class=\"entry-date published updated\" datetime=\"2019-02-09T18:17:58+01:00\">9 f\u00e9vrier 2019<\/time><\/a><\/span>\r\n\t\t<span class=\"cm-author cm-vcard\">\r\n\t\t\t<svg class=\"cm-icon cm-icon--user\" xmlns=\"http:\/\/www.w3.org\/2000\/svg\" viewBox=\"0 0 24 24\"><path d=\"M7 7c0-2.8 2.2-5 5-5s5 2.2 5 5-2.2 5-5 5-5-2.2-5-5zm9 7H8c-2.8 0-5 2.2-5 5v2c0 .6.4 1 1 1h16c.6 0 1-.4 1-1v-2c0-2.8-2.2-5-5-5z\"><\/path><\/svg>\t\t\t<a class=\"url fn n\"\r\n\t\t\thref=\"https:\/\/www.ovlgc.org\/fr\/author\/lbourmaud\/\"\r\n\t\t\ttitle=\"Secr\u00e9tariat OVLGC\"\r\n\t\t\t>\r\n\t\t\t\tSecr\u00e9tariat OVLGC\t\t\t<\/a>\r\n\t\t<\/span>\r\n\r\n\t\t<\/div>\r\n\t\t\t\t\t\t\t\t\t<\/div>\r\n\t\t\t<\/div>\r\n\r\n\t\t\t\r\n\t\t\t<div class=\"cm-post\">\r\n\t\t\t\t\r\n\t\t\t\t<div class=\"cm-post-content\">\r\n\t\t\t\t\t<div class=\"cm-entry-header-meta\"><div class=\"cm-post-categories\"><a href=\"https:\/\/www.ovlgc.org\/fr\/category\/lassociation\/\" rel=\"category tag\">L'ASSOCIATION<\/a><\/div><\/div>\t\t<h3 class=\"cm-entry-title\">\r\n\t\t\t<a href=\"https:\/\/www.ovlgc.org\/fr\/les-premiers-correspondants-locaux\/\" title=\"Les R\u00e9f\u00e9rents La\u00efcit\u00e9 de l&rsquo;Observatoire\">\r\n\t\t\t\tLes R\u00e9f\u00e9rents La\u00efcit\u00e9 de l&rsquo;Observatoire\t\t\t<\/a>\r\n\t\t<\/h3>\r\n\t\t<div class=\"cm-below-entry-meta \"><span class=\"cm-post-date\"><a href=\"https:\/\/www.ovlgc.org\/fr\/les-premiers-correspondants-locaux\/\" title=\"10 h 41 min\" rel=\"bookmark\"><svg class=\"cm-icon cm-icon--calendar-fill\" xmlns=\"http:\/\/www.w3.org\/2000\/svg\" viewBox=\"0 0 24 24\"><path d=\"M21.1 6.6v1.6c0 .6-.4 1-1 1H3.9c-.6 0-1-.4-1-1V6.6c0-1.5 1.3-2.8 2.8-2.8h1.7V3c0-.6.4-1 1-1s1 .4 1 1v.8h5.2V3c0-.6.4-1 1-1s1 .4 1 1v.8h1.7c1.5 0 2.8 1.3 2.8 2.8zm-1 4.6H3.9c-.6 0-1 .4-1 1v7c0 1.5 1.3 2.8 2.8 2.8h12.6c1.5 0 2.8-1.3 2.8-2.8v-7c0-.6-.4-1-1-1z\"><\/path><\/svg> <time class=\"entry-date published updated\" datetime=\"2019-02-09T10:41:00+01:00\">9 f\u00e9vrier 2019<\/time><\/a><\/span>\r\n\t\t<span class=\"cm-author cm-vcard\">\r\n\t\t\t<svg class=\"cm-icon cm-icon--user\" xmlns=\"http:\/\/www.w3.org\/2000\/svg\" viewBox=\"0 0 24 24\"><path d=\"M7 7c0-2.8 2.2-5 5-5s5 2.2 5 5-2.2 5-5 5-5-2.2-5-5zm9 7H8c-2.8 0-5 2.2-5 5v2c0 .6.4 1 1 1h16c.6 0 1-.4 1-1v-2c0-2.8-2.2-5-5-5z\"><\/path><\/svg>\t\t\t<a class=\"url fn n\"\r\n\t\t\thref=\"https:\/\/www.ovlgc.org\/fr\/author\/lbourmaud\/\"\r\n\t\t\ttitle=\"Secr\u00e9tariat OVLGC\"\r\n\t\t\t>\r\n\t\t\t\tSecr\u00e9tariat OVLGC\t\t\t<\/a>\r\n\t\t<\/span>\r\n\r\n\t\t<\/div>\r\n\t\t\t\t\t\t\t\t\t<\/div>\r\n\t\t\t<\/div>\r\n\r\n\t\t\t\r\n\t\t\t<div class=\"cm-post\">\r\n\t\t\t\t\r\n\t\t\t\t<div class=\"cm-post-content\">\r\n\t\t\t\t\t<div class=\"cm-entry-header-meta\"><div class=\"cm-post-categories\"><a href=\"https:\/\/www.ovlgc.org\/fr\/category\/lassociation\/\" rel=\"category tag\">L'ASSOCIATION<\/a><\/div><\/div>\t\t<h3 class=\"cm-entry-title\">\r\n\t\t\t<a href=\"https:\/\/www.ovlgc.org\/fr\/lagrement-jeunesse-et-education-populaire\/\" title=\"L&rsquo;Agr\u00e9ment Jeunesse et Education Populaire\">\r\n\t\t\t\tL&rsquo;Agr\u00e9ment Jeunesse et Education Populaire\t\t\t<\/a>\r\n\t\t<\/h3>\r\n\t\t<div class=\"cm-below-entry-meta \"><span class=\"cm-post-date\"><a href=\"https:\/\/www.ovlgc.org\/fr\/lagrement-jeunesse-et-education-populaire\/\" title=\"17 h 59 min\" rel=\"bookmark\"><svg class=\"cm-icon cm-icon--calendar-fill\" xmlns=\"http:\/\/www.w3.org\/2000\/svg\" viewBox=\"0 0 24 24\"><path d=\"M21.1 6.6v1.6c0 .6-.4 1-1 1H3.9c-.6 0-1-.4-1-1V6.6c0-1.5 1.3-2.8 2.8-2.8h1.7V3c0-.6.4-1 1-1s1 .4 1 1v.8h5.2V3c0-.6.4-1 1-1s1 .4 1 1v.8h1.7c1.5 0 2.8 1.3 2.8 2.8zm-1 4.6H3.9c-.6 0-1 .4-1 1v7c0 1.5 1.3 2.8 2.8 2.8h12.6c1.5 0 2.8-1.3 2.8-2.8v-7c0-.6-.4-1-1-1z\"><\/path><\/svg> <time class=\"entry-date published updated\" datetime=\"2019-01-29T17:59:18+01:00\">29 janvier 2019<\/time><\/a><\/span>\r\n\t\t<span class=\"cm-author cm-vcard\">\r\n\t\t\t<svg class=\"cm-icon cm-icon--user\" xmlns=\"http:\/\/www.w3.org\/2000\/svg\" viewBox=\"0 0 24 24\"><path d=\"M7 7c0-2.8 2.2-5 5-5s5 2.2 5 5-2.2 5-5 5-5-2.2-5-5zm9 7H8c-2.8 0-5 2.2-5 5v2c0 .6.4 1 1 1h16c.6 0 1-.4 1-1v-2c0-2.8-2.2-5-5-5z\"><\/path><\/svg>\t\t\t<a class=\"url fn n\"\r\n\t\t\thref=\"https:\/\/www.ovlgc.org\/fr\/author\/lbourmaud\/\"\r\n\t\t\ttitle=\"Secr\u00e9tariat OVLGC\"\r\n\t\t\t>\r\n\t\t\t\tSecr\u00e9tariat OVLGC\t\t\t<\/a>\r\n\t\t<\/span>\r\n\r\n\t\t<\/div>\r\n\t\t\t\t\t\t\t\t\t<\/div>\r\n\t\t\t<\/div>\r\n\r\n\t\t\t\r\n\t\t\t<div class=\"cm-post\">\r\n\t\t\t\t\r\n\t\t\t\t<div class=\"cm-post-content\">\r\n\t\t\t\t\t<div class=\"cm-entry-header-meta\"><div class=\"cm-post-categories\"><a href=\"https:\/\/www.ovlgc.org\/fr\/category\/lassociation\/\" rel=\"category tag\">L'ASSOCIATION<\/a><\/div><\/div>\t\t<h3 class=\"cm-entry-title\">\r\n\t\t\t<a href=\"https:\/\/www.ovlgc.org\/fr\/a-propos-de-lattentat-de-conflans-sainte-honorine\/\" title=\"Les Communiqu\u00e9s de Presse\">\r\n\t\t\t\tLes Communiqu\u00e9s de Presse\t\t\t<\/a>\r\n\t\t<\/h3>\r\n\t\t<div class=\"cm-below-entry-meta \"><span class=\"cm-post-date\"><a href=\"https:\/\/www.ovlgc.org\/fr\/a-propos-de-lattentat-de-conflans-sainte-honorine\/\" title=\"9 h 51 min\" rel=\"bookmark\"><svg class=\"cm-icon cm-icon--calendar-fill\" xmlns=\"http:\/\/www.w3.org\/2000\/svg\" viewBox=\"0 0 24 24\"><path d=\"M21.1 6.6v1.6c0 .6-.4 1-1 1H3.9c-.6 0-1-.4-1-1V6.6c0-1.5 1.3-2.8 2.8-2.8h1.7V3c0-.6.4-1 1-1s1 .4 1 1v.8h5.2V3c0-.6.4-1 1-1s1 .4 1 1v.8h1.7c1.5 0 2.8 1.3 2.8 2.8zm-1 4.6H3.9c-.6 0-1 .4-1 1v7c0 1.5 1.3 2.8 2.8 2.8h12.6c1.5 0 2.8-1.3 2.8-2.8v-7c0-.6-.4-1-1-1z\"><\/path><\/svg> <time class=\"entry-date published updated\" datetime=\"2019-01-04T09:51:12+01:00\">4 janvier 2019<\/time><\/a><\/span>\r\n\t\t<span class=\"cm-author cm-vcard\">\r\n\t\t\t<svg class=\"cm-icon cm-icon--user\" xmlns=\"http:\/\/www.w3.org\/2000\/svg\" viewBox=\"0 0 24 24\"><path d=\"M7 7c0-2.8 2.2-5 5-5s5 2.2 5 5-2.2 5-5 5-5-2.2-5-5zm9 7H8c-2.8 0-5 2.2-5 5v2c0 .6.4 1 1 1h16c.6 0 1-.4 1-1v-2c0-2.8-2.2-5-5-5z\"><\/path><\/svg>\t\t\t<a class=\"url fn n\"\r\n\t\t\thref=\"https:\/\/www.ovlgc.org\/fr\/author\/lbourmaud\/\"\r\n\t\t\ttitle=\"Secr\u00e9tariat OVLGC\"\r\n\t\t\t>\r\n\t\t\t\tSecr\u00e9tariat OVLGC\t\t\t<\/a>\r\n\t\t<\/span>\r\n\r\n\t\t<\/div>\r\n\t\t\t\t\t\t\t\t\t<\/div>\r\n\t\t\t<\/div>\r\n\r\n\t\t\t\r\n\t\t\t<div class=\"cm-post\">\r\n\t\t\t\t\r\n\t\t\t\t<div class=\"cm-post-content\">\r\n\t\t\t\t\t<div class=\"cm-entry-header-meta\"><div class=\"cm-post-categories\"><a href=\"https:\/\/www.ovlgc.org\/fr\/category\/lassociation\/\" rel=\"category tag\">L'ASSOCIATION<\/a><\/div><\/div>\t\t<h3 class=\"cm-entry-title\">\r\n\t\t\t<a href=\"https:\/\/www.ovlgc.org\/fr\/notre-partenaire\/\" title=\"Notre Partenaire\">\r\n\t\t\t\tNotre Partenaire\t\t\t<\/a>\r\n\t\t<\/h3>\r\n\t\t<div class=\"cm-below-entry-meta \"><span class=\"cm-post-date\"><a href=\"https:\/\/www.ovlgc.org\/fr\/notre-partenaire\/\" title=\"11 h 01 min\" rel=\"bookmark\"><svg class=\"cm-icon cm-icon--calendar-fill\" xmlns=\"http:\/\/www.w3.org\/2000\/svg\" viewBox=\"0 0 24 24\"><path d=\"M21.1 6.6v1.6c0 .6-.4 1-1 1H3.9c-.6 0-1-.4-1-1V6.6c0-1.5 1.3-2.8 2.8-2.8h1.7V3c0-.6.4-1 1-1s1 .4 1 1v.8h5.2V3c0-.6.4-1 1-1s1 .4 1 1v.8h1.7c1.5 0 2.8 1.3 2.8 2.8zm-1 4.6H3.9c-.6 0-1 .4-1 1v7c0 1.5 1.3 2.8 2.8 2.8h12.6c1.5 0 2.8-1.3 2.8-2.8v-7c0-.6-.4-1-1-1z\"><\/path><\/svg> <time class=\"entry-date published updated\" datetime=\"2019-01-03T11:01:24+01:00\">3 janvier 2019<\/time><\/a><\/span>\r\n\t\t<span class=\"cm-author cm-vcard\">\r\n\t\t\t<svg class=\"cm-icon cm-icon--user\" xmlns=\"http:\/\/www.w3.org\/2000\/svg\" viewBox=\"0 0 24 24\"><path d=\"M7 7c0-2.8 2.2-5 5-5s5 2.2 5 5-2.2 5-5 5-5-2.2-5-5zm9 7H8c-2.8 0-5 2.2-5 5v2c0 .6.4 1 1 1h16c.6 0 1-.4 1-1v-2c0-2.8-2.2-5-5-5z\"><\/path><\/svg>\t\t\t<a class=\"url fn n\"\r\n\t\t\thref=\"https:\/\/www.ovlgc.org\/fr\/author\/lbourmaud\/\"\r\n\t\t\ttitle=\"Secr\u00e9tariat OVLGC\"\r\n\t\t\t>\r\n\t\t\t\tSecr\u00e9tariat OVLGC\t\t\t<\/a>\r\n\t\t<\/span>\r\n\r\n\t\t<\/div>\r\n\t\t\t\t\t\t\t\t\t<\/div>\r\n\t\t\t<\/div>\r\n\r\n\t\t\t<\/div><\/div><\/div><\/div><\/div><div id=\"pg-1662-1\"  class=\"panel-grid panel-has-style\" ><div class=\"siteorigin-panels-stretch panel-row-style panel-row-style-for-1662-1\" data-stretch-type=\"full\" ><div id=\"pgc-1662-1-0\"  class=\"panel-grid-cell\" ><div id=\"panel-1662-1-0-0\" class=\"so-panel widget widget_sfp_page_plugin_widget panel-first-child panel-last-child\" data-index=\"1\" ><!-- SFPlugin by topdevs.net -->\n<!-- Page Plugin Code START -->\n<div class=\"sfp-container\" data-sfp-embed=\"1\" data-sfp-url=\"https:\/\/www.facebook.com\/ovlgc\" data-sfp-width=\"500\" data-sfp-height=\"400\" data-sfp-hide-cover=\"false\" data-sfp-show-facepile=\"false\" data-sfp-small-header=\"false\" data-sfp-tabs=\"timeline,events,messages\" data-sfp-locale=\"fr_FR\" data-sfp-click-to-load=\"0\" data-sfp-lazy=\"1\">\n\t<button\n\t\ttype=\"button\"\n\t\tclass=\"sfp-placeholder\"\n\t\t style=\"background: linear-gradient(135deg, #e7f3ff 0%, #f5faff 100%); color: #1877f2\"\t\taria-label=\"Click to load Facebook content\"\t>\n\t\t\t<\/button>\n\t<div class=\"sfp-embed\" aria-live=\"polite\"><\/div>\n<\/div>\n<!-- Page Plugin Code END -->\n<\/div><\/div><div id=\"pgc-1662-1-1\"  class=\"panel-grid-cell\" ><div id=\"panel-1662-1-1-0\" class=\"widget_text so-panel widget widget_custom_html panel-first-child panel-last-child\" data-index=\"2\" ><div class=\"textwidget custom-html-widget\"><a class=\"twitter-timeline\" \ndata-chrome=\"nofooter\"\nheight=\"400px\"\nhref=\"https:\/\/twitter.com\/vigielaicite\">Tweets de @VigieLa\u00efcit\u00e9<\/a> <script async src=\"https:\/\/platform.twitter.com\/widgets.js\" charset=\"utf-8\"><\/script><\/div><\/div><\/div><\/div><\/div><\/div>","protected":false},"excerpt":{"rendered":"<p>L&rsquo;ASSOCIATION La Cr\u00e9ation de l&rsquo;Association 13 f\u00e9vrier 2019 Secr\u00e9tariat OVLGC En 2014, l&rsquo;OVLGC \u00e9tait cr\u00e9\u00e9. Voici l&rsquo;article de presse dont<\/p>\n","protected":false},"author":2,"featured_media":0,"parent":0,"menu_order":0,"comment_status":"closed","ping_status":"closed","template":"","meta":{"footnotes":""},"class_list":["post-1662","page","type-page","status-publish","hentry"],"_links":{"self":[{"href":"https:\/\/www.ovlgc.org\/fr\/wp-json\/wp\/v2\/pages\/1662","targetHints":{"allow":["GET"]}}],"collection":[{"href":"https:\/\/www.ovlgc.org\/fr\/wp-json\/wp\/v2\/pages"}],"about":[{"href":"https:\/\/www.ovlgc.org\/fr\/wp-json\/wp\/v2\/types\/page"}],"author":[{"embeddable":true,"href":"https:\/\/www.ovlgc.org\/fr\/wp-json\/wp\/v2\/users\/2"}],"replies":[{"embeddable":true,"href":"https:\/\/www.ovlgc.org\/fr\/wp-json\/wp\/v2\/comments?post=1662"}],"version-history":[{"count":38,"href":"https:\/\/www.ovlgc.org\/fr\/wp-json\/wp\/v2\/pages\/1662\/revisions"}],"predecessor-version":[{"id":4233,"href":"https:\/\/www.ovlgc.org\/fr\/wp-json\/wp\/v2\/pages\/1662\/revisions\/4233"}],"wp:attachment":[{"href":"https:\/\/www.ovlgc.org\/fr\/wp-json\/wp\/v2\/media?parent=1662"}],"curies":[{"name":"wp","href":"https:\/\/api.w.org\/{rel}","templated":true}]}}