{"id":1316,"date":"2018-11-25T12:10:19","date_gmt":"2018-11-25T11:10:19","guid":{"rendered":"http:\/\/www.ovlgc.org\/fr\/?page_id=1316"},"modified":"2023-01-24T15:53:20","modified_gmt":"2023-01-24T14:53:20","slug":"nationaux","status":"publish","type":"page","link":"https:\/\/www.ovlgc.org\/fr\/nationaux\/","title":{"rendered":"Nationaux"},"content":{"rendered":"<p><a href=\"https:\/\/www.gouvernement.fr\/observatoire-de-la-laicite\">Comit\u00e9 interminist\u00e9riel de la La\u00efcit\u00e9 <\/a><\/p>\n<p>&nbsp;<\/p>\n<p><a href=\"http:\/\/www.solidarite-laique.org\/\">Solidarit\u00e9 La\u00efque<\/a><\/p>\n<p>&nbsp;<\/p>\n<p><a href=\"https:\/\/www.reseau-canope.fr\/vivre-ensemble\/laicite.html\">R\u00e9seau Canop\u00e9<\/a><\/p>\n<p>&nbsp;<\/p>\n<p><a href=\"http:\/\/eduscol.education.fr\/pid23591\/laicite-principe-et-pedagogie.html\">La La\u00efcit\u00e9 \u00e0 l&rsquo;Ecole-Eduscol<\/a><\/p>\n<p>&nbsp;<\/p>\n<p><a href=\"http:\/\/www.laicite-educateurs.org\/\">La La\u00efcit\u00e9 \u00e0 l&rsquo;usage des Educateurs<\/a><\/p>\n<p>&nbsp;<\/p>\n<p><a href=\"https:\/\/enseignement-catholique.fr\/category\/enseignement-catholique-et-laicite-cat\/enseignement-catholique-et-laicite-le-document\/fiches-juridiques\/\">L&rsquo;Enseignement Catholique et la La\u00efcit\u00e9<\/a><\/p>\n<p>&nbsp;<\/p>\n<p><a href=\"https:\/\/www.pearltrees.com\/t\/laicite-et-valeurs-republique\/id15455977\">Centre de ressources Pays et Quartiers de Nouvelle Aquitaine<\/a><\/p>\n<p>&nbsp;<\/p>\n<p><a href=\"https:\/\/journals.openedition.org\/rdr\/\">Revue du droit des religions<\/a><\/p>\n<p>&nbsp;<\/p>\n<p><a href=\"https:\/\/publications-prairial.fr\/diversite\/index.php?id=2157\">Religions et Ecole<\/a><\/p>\n<p>&nbsp;<\/p>\n<p>&nbsp;<\/p>\n","protected":false},"excerpt":{"rendered":"<p>Comit\u00e9 interminist\u00e9riel de la La\u00efcit\u00e9 &nbsp; Solidarit\u00e9 La\u00efque &nbsp; R\u00e9seau Canop\u00e9 &nbsp; La La\u00efcit\u00e9 \u00e0 l&rsquo;Ecole-Eduscol &nbsp; La La\u00efcit\u00e9 \u00e0<\/p>\n","protected":false},"author":2,"featured_media":0,"parent":0,"menu_order":0,"comment_status":"closed","ping_status":"closed","template":"","meta":{"footnotes":""},"class_list":["post-1316","page","type-page","status-publish","hentry"],"_links":{"self":[{"href":"https:\/\/www.ovlgc.org\/fr\/wp-json\/wp\/v2\/pages\/1316","targetHints":{"allow":["GET"]}}],"collection":[{"href":"https:\/\/www.ovlgc.org\/fr\/wp-json\/wp\/v2\/pages"}],"about":[{"href":"https:\/\/www.ovlgc.org\/fr\/wp-json\/wp\/v2\/types\/page"}],"author":[{"embeddable":true,"href":"https:\/\/www.ovlgc.org\/fr\/wp-json\/wp\/v2\/users\/2"}],"replies":[{"embeddable":true,"href":"https:\/\/www.ovlgc.org\/fr\/wp-json\/wp\/v2\/comments?post=1316"}],"version-history":[{"count":31,"href":"https:\/\/www.ovlgc.org\/fr\/wp-json\/wp\/v2\/pages\/1316\/revisions"}],"predecessor-version":[{"id":4634,"href":"https:\/\/www.ovlgc.org\/fr\/wp-json\/wp\/v2\/pages\/1316\/revisions\/4634"}],"wp:attachment":[{"href":"https:\/\/www.ovlgc.org\/fr\/wp-json\/wp\/v2\/media?parent=1316"}],"curies":[{"name":"wp","href":"https:\/\/api.w.org\/{rel}","templated":true}]}}