{"id":1309,"date":"2018-11-25T11:54:07","date_gmt":"2018-11-25T10:54:07","guid":{"rendered":"http:\/\/www.ovlgc.org\/fr\/?page_id=1309"},"modified":"2018-11-27T17:56:13","modified_gmt":"2018-11-27T16:56:13","slug":"regionaux","status":"publish","type":"page","link":"https:\/\/www.ovlgc.org\/fr\/regionaux\/","title":{"rendered":"R\u00e9gionaux"},"content":{"rendered":"<p><a href=\"http:\/\/laicite-republique-paysdelaloire.org\/\">Comit\u00e9 La\u00efcit\u00e9 R\u00e9publique Pays de la Loire<\/a><\/p>\n<p><a href=\"http:\/\/fal72.org\/laligue72\/la-laicite\/ressources-laicite\/\">Rubrique \u00ab\u00a0documents de la ligue de l&rsquo;Enseignement de la Sarthe\u00a0\u00bb<\/a><\/p>\n","protected":false},"excerpt":{"rendered":"<p>Comit\u00e9 La\u00efcit\u00e9 R\u00e9publique Pays de la Loire Rubrique \u00ab\u00a0documents de la ligue de l&rsquo;Enseignement de la Sarthe\u00a0\u00bb<\/p>\n","protected":false},"author":2,"featured_media":0,"parent":0,"menu_order":0,"comment_status":"closed","ping_status":"closed","template":"","meta":{"footnotes":""},"class_list":["post-1309","page","type-page","status-publish","hentry"],"_links":{"self":[{"href":"https:\/\/www.ovlgc.org\/fr\/wp-json\/wp\/v2\/pages\/1309","targetHints":{"allow":["GET"]}}],"collection":[{"href":"https:\/\/www.ovlgc.org\/fr\/wp-json\/wp\/v2\/pages"}],"about":[{"href":"https:\/\/www.ovlgc.org\/fr\/wp-json\/wp\/v2\/types\/page"}],"author":[{"embeddable":true,"href":"https:\/\/www.ovlgc.org\/fr\/wp-json\/wp\/v2\/users\/2"}],"replies":[{"embeddable":true,"href":"https:\/\/www.ovlgc.org\/fr\/wp-json\/wp\/v2\/comments?post=1309"}],"version-history":[{"count":9,"href":"https:\/\/www.ovlgc.org\/fr\/wp-json\/wp\/v2\/pages\/1309\/revisions"}],"predecessor-version":[{"id":1379,"href":"https:\/\/www.ovlgc.org\/fr\/wp-json\/wp\/v2\/pages\/1309\/revisions\/1379"}],"wp:attachment":[{"href":"https:\/\/www.ovlgc.org\/fr\/wp-json\/wp\/v2\/media?parent=1309"}],"curies":[{"name":"wp","href":"https:\/\/api.w.org\/{rel}","templated":true}]}}